{"id":113,"date":"2020-07-22T14:09:57","date_gmt":"2020-07-22T14:09:57","guid":{"rendered":"https:\/\/safe4u.de\/?page_id=113"},"modified":"2023-03-15T11:41:28","modified_gmt":"2023-03-15T11:41:28","slug":"live-erleben","status":"publish","type":"page","link":"https:\/\/www.safe4u.de\/?page_id=113","title":{"rendered":"Live Erleben auf Messen"},"content":{"rendered":"<div id=\"cs-content\" class=\"cs-content\"><\/div>\n","protected":false},"excerpt":{"rendered":"<p>safe4u Alarmanlagen live auf Messen erleben safe4u ist regelm\u00e4\u00dfig in Deutschland, \u00d6sterreich und der Schweiz auf verschiedenen Messen und Ausstellungen vertreten. Besuchen Sie uns an unserem Messestand und vereinbaren Sie direkt vor Ort einen Termin f\u00fcr ihren kostenlosen Sicherheits-Check.[MEC id=&#8220;311&#8243;]<\/p>\n","protected":false},"author":1,"featured_media":0,"parent":0,"menu_order":0,"comment_status":"closed","ping_status":"closed","template":"template-blank-4.php","meta":{"footnotes":""},"class_list":["post-113","page","type-page","status-publish","hentry","no-post-thumbnail"],"yoast_head":"<!-- This site is optimized with the Yoast SEO plugin v27.4 - https:\/\/yoast.com\/product\/yoast-seo-wordpress\/ -->\n<title>safe4u Alarmanlagen &amp; Zubeh\u00f6r live erleben \u2013 auch in Ihrer N\u00e4he!<\/title>\n<meta name=\"description\" content=\"safe4u ist regelm\u00e4\u00dfig in Deutschland, \u00d6sterreich und der Schweiz auf verschiedenen Messen und Ausstellungen vertreten. Besuchen Sie uns \u2713\" \/>\n<meta name=\"robots\" content=\"index, follow, max-snippet:-1, max-image-preview:large, max-video-preview:-1\" \/>\n<link rel=\"canonical\" href=\"https:\/\/www.safe4u.de\/?page_id=113\" \/>\n<meta property=\"og:locale\" content=\"de_DE\" \/>\n<meta property=\"og:type\" content=\"article\" \/>\n<meta property=\"og:title\" content=\"safe4u Alarmanlagen &amp; Zubeh\u00f6r live erleben \u2013 auch in Ihrer N\u00e4he!\" \/>\n<meta property=\"og:description\" content=\"safe4u ist regelm\u00e4\u00dfig in Deutschland, \u00d6sterreich und der Schweiz auf verschiedenen Messen und Ausstellungen vertreten. Besuchen Sie uns \u2713\" \/>\n<meta property=\"og:url\" content=\"https:\/\/www.safe4u.de\/?page_id=113\" \/>\n<meta property=\"og:site_name\" content=\"safe4u Alarmanlagen\" \/>\n<meta property=\"article:modified_time\" content=\"2023-03-15T11:41:28+00:00\" \/>\n<meta name=\"twitter:card\" content=\"summary_large_image\" \/>\n<meta name=\"twitter:label1\" content=\"Gesch\u00e4tzte Lesezeit\" \/>\n\t<meta name=\"twitter:data1\" content=\"1\u00a0Minute\" \/>\n<script type=\"application\/ld+json\" class=\"yoast-schema-graph\">{\"@context\":\"https:\\\/\\\/schema.org\",\"@graph\":[{\"@type\":\"WebPage\",\"@id\":\"https:\\\/\\\/www.safe4u.de\\\/?page_id=113\",\"url\":\"https:\\\/\\\/www.safe4u.de\\\/?page_id=113\",\"name\":\"safe4u Alarmanlagen & Zubeh\u00f6r live erleben \u2013 auch in Ihrer N\u00e4he!\",\"isPartOf\":{\"@id\":\"https:\\\/\\\/www.safe4u.de\\\/#website\"},\"datePublished\":\"2020-07-22T14:09:57+00:00\",\"dateModified\":\"2023-03-15T11:41:28+00:00\",\"description\":\"safe4u ist regelm\u00e4\u00dfig in Deutschland, \u00d6sterreich und der Schweiz auf verschiedenen Messen und Ausstellungen vertreten. Besuchen Sie uns \u2713\",\"breadcrumb\":{\"@id\":\"https:\\\/\\\/www.safe4u.de\\\/?page_id=113#breadcrumb\"},\"inLanguage\":\"de\",\"potentialAction\":[{\"@type\":\"ReadAction\",\"target\":[\"https:\\\/\\\/www.safe4u.de\\\/?page_id=113\"]}]},{\"@type\":\"BreadcrumbList\",\"@id\":\"https:\\\/\\\/www.safe4u.de\\\/?page_id=113#breadcrumb\",\"itemListElement\":[{\"@type\":\"ListItem\",\"position\":1,\"name\":\"Home\",\"item\":\"https:\\\/\\\/www.safe4u.de\\\/\"},{\"@type\":\"ListItem\",\"position\":2,\"name\":\"Live Erleben auf Messen\"}]},{\"@type\":\"WebSite\",\"@id\":\"https:\\\/\\\/www.safe4u.de\\\/#website\",\"url\":\"https:\\\/\\\/www.safe4u.de\\\/\",\"name\":\"safe4u Alarmanlagen\",\"description\":\"Sch\u00fctzen Sie Ihr Zuhause kosteng\u00fcnstig, effektiv und zuverl\u00e4ssig mit einer Alarmanlage von safe4u\",\"potentialAction\":[{\"@type\":\"SearchAction\",\"target\":{\"@type\":\"EntryPoint\",\"urlTemplate\":\"https:\\\/\\\/www.safe4u.de\\\/?s={search_term_string}\"},\"query-input\":{\"@type\":\"PropertyValueSpecification\",\"valueRequired\":true,\"valueName\":\"search_term_string\"}}],\"inLanguage\":\"de\"}]}<\/script>\n<!-- \/ Yoast SEO plugin. -->","yoast_head_json":{"title":"safe4u Alarmanlagen & Zubeh\u00f6r live erleben \u2013 auch in Ihrer N\u00e4he!","description":"safe4u ist regelm\u00e4\u00dfig in Deutschland, \u00d6sterreich und der Schweiz auf verschiedenen Messen und Ausstellungen vertreten. Besuchen Sie uns \u2713","robots":{"index":"index","follow":"follow","max-snippet":"max-snippet:-1","max-image-preview":"max-image-preview:large","max-video-preview":"max-video-preview:-1"},"canonical":"https:\/\/www.safe4u.de\/?page_id=113","og_locale":"de_DE","og_type":"article","og_title":"safe4u Alarmanlagen & Zubeh\u00f6r live erleben \u2013 auch in Ihrer N\u00e4he!","og_description":"safe4u ist regelm\u00e4\u00dfig in Deutschland, \u00d6sterreich und der Schweiz auf verschiedenen Messen und Ausstellungen vertreten. Besuchen Sie uns \u2713","og_url":"https:\/\/www.safe4u.de\/?page_id=113","og_site_name":"safe4u Alarmanlagen","article_modified_time":"2023-03-15T11:41:28+00:00","twitter_card":"summary_large_image","twitter_misc":{"Gesch\u00e4tzte Lesezeit":"1\u00a0Minute"},"schema":{"@context":"https:\/\/schema.org","@graph":[{"@type":"WebPage","@id":"https:\/\/www.safe4u.de\/?page_id=113","url":"https:\/\/www.safe4u.de\/?page_id=113","name":"safe4u Alarmanlagen & Zubeh\u00f6r live erleben \u2013 auch in Ihrer N\u00e4he!","isPartOf":{"@id":"https:\/\/www.safe4u.de\/#website"},"datePublished":"2020-07-22T14:09:57+00:00","dateModified":"2023-03-15T11:41:28+00:00","description":"safe4u ist regelm\u00e4\u00dfig in Deutschland, \u00d6sterreich und der Schweiz auf verschiedenen Messen und Ausstellungen vertreten. Besuchen Sie uns \u2713","breadcrumb":{"@id":"https:\/\/www.safe4u.de\/?page_id=113#breadcrumb"},"inLanguage":"de","potentialAction":[{"@type":"ReadAction","target":["https:\/\/www.safe4u.de\/?page_id=113"]}]},{"@type":"BreadcrumbList","@id":"https:\/\/www.safe4u.de\/?page_id=113#breadcrumb","itemListElement":[{"@type":"ListItem","position":1,"name":"Home","item":"https:\/\/www.safe4u.de\/"},{"@type":"ListItem","position":2,"name":"Live Erleben auf Messen"}]},{"@type":"WebSite","@id":"https:\/\/www.safe4u.de\/#website","url":"https:\/\/www.safe4u.de\/","name":"safe4u Alarmanlagen","description":"Sch\u00fctzen Sie Ihr Zuhause kosteng\u00fcnstig, effektiv und zuverl\u00e4ssig mit einer Alarmanlage von safe4u","potentialAction":[{"@type":"SearchAction","target":{"@type":"EntryPoint","urlTemplate":"https:\/\/www.safe4u.de\/?s={search_term_string}"},"query-input":{"@type":"PropertyValueSpecification","valueRequired":true,"valueName":"search_term_string"}}],"inLanguage":"de"}]}},"_links":{"self":[{"href":"https:\/\/www.safe4u.de\/index.php?rest_route=\/wp\/v2\/pages\/113","targetHints":{"allow":["GET"]}}],"collection":[{"href":"https:\/\/www.safe4u.de\/index.php?rest_route=\/wp\/v2\/pages"}],"about":[{"href":"https:\/\/www.safe4u.de\/index.php?rest_route=\/wp\/v2\/types\/page"}],"author":[{"embeddable":true,"href":"https:\/\/www.safe4u.de\/index.php?rest_route=\/wp\/v2\/users\/1"}],"replies":[{"embeddable":true,"href":"https:\/\/www.safe4u.de\/index.php?rest_route=%2Fwp%2Fv2%2Fcomments&post=113"}],"version-history":[{"count":32,"href":"https:\/\/www.safe4u.de\/index.php?rest_route=\/wp\/v2\/pages\/113\/revisions"}],"predecessor-version":[{"id":1222,"href":"https:\/\/www.safe4u.de\/index.php?rest_route=\/wp\/v2\/pages\/113\/revisions\/1222"}],"wp:attachment":[{"href":"https:\/\/www.safe4u.de\/index.php?rest_route=%2Fwp%2Fv2%2Fmedia&parent=113"}],"curies":[{"name":"wp","href":"https:\/\/api.w.org\/{rel}","templated":true}]}}