{"id":115,"date":"2020-07-22T14:10:21","date_gmt":"2020-07-22T14:10:21","guid":{"rendered":"https:\/\/safe4u.de\/?page_id=115"},"modified":"2020-08-25T09:05:03","modified_gmt":"2020-08-25T09:05:03","slug":"unsere-service-leistungen","status":"publish","type":"page","link":"https:\/\/www.safe4u.de\/?page_id=115","title":{"rendered":"Unsere Service-Leistungen"},"content":{"rendered":"<div id=\"cs-content\" class=\"cs-content\"><\/div>\n","protected":false},"excerpt":{"rendered":"<p>Service f\u00fcr Ihre Sicherheit Ein pers\u00f6nlicher Ansprechpartner, auch nach Vertragsunterschrift Um Ihnen die Kontaktaufnahmen zu erleichtern und schnelle Reaktionswege erm\u00f6glichen zu k\u00f6nnen, ist und bleibt Ihr Fachberater f\u00fcr Sicherheit Ihr Ansprechpartner bei Fragen zu dem Alarmsystem. Er oder sie ist durch die Installation mit Ihren vier W\u00e4nden bereits vertraut und kann durch die lokale N\u00e4he schnell reagieren, um den Schutz &#8230; <\/p>\n<div><a href=\"https:\/\/www.safe4u.de\/?page_id=115\" class=\"more-link\">Read More<\/a><\/div>\n","protected":false},"author":1,"featured_media":0,"parent":0,"menu_order":0,"comment_status":"closed","ping_status":"closed","template":"template-blank-4.php","meta":{"footnotes":""},"class_list":["post-115","page","type-page","status-publish","hentry","no-post-thumbnail"],"yoast_head":"<!-- This site is optimized with the Yoast SEO plugin v27.4 - https:\/\/yoast.com\/product\/yoast-seo-wordpress\/ -->\n<title>Service f\u00fcr Ihre Sicherheit \u2013 safe4u Alarmanlagen<\/title>\n<meta name=\"description\" content=\"Sicherheit muss verl\u00e4sslich sein. Deswegen entwickeln wir bei safe4u unser System kontinuierlich weiter. Damit Sie sicher sicher sind \u2713\" \/>\n<meta name=\"robots\" content=\"index, follow, max-snippet:-1, max-image-preview:large, max-video-preview:-1\" \/>\n<link rel=\"canonical\" href=\"https:\/\/www.safe4u.de\/?page_id=115\" \/>\n<meta property=\"og:locale\" content=\"de_DE\" \/>\n<meta property=\"og:type\" content=\"article\" \/>\n<meta property=\"og:title\" content=\"Service f\u00fcr Ihre Sicherheit \u2013 safe4u Alarmanlagen\" \/>\n<meta property=\"og:description\" content=\"Sicherheit muss verl\u00e4sslich sein. Deswegen entwickeln wir bei safe4u unser System kontinuierlich weiter. Damit Sie sicher sicher sind \u2713\" \/>\n<meta property=\"og:url\" content=\"https:\/\/www.safe4u.de\/?page_id=115\" \/>\n<meta property=\"og:site_name\" content=\"safe4u Alarmanlagen\" \/>\n<meta property=\"article:modified_time\" content=\"2020-08-25T09:05:03+00:00\" \/>\n<meta property=\"og:image\" content=\"https:\/\/www.safe4u.de\/wp-content\/uploads\/2020\/08\/Aussenmelder_Action_3_2020-cmp.jpg\" \/>\n<meta name=\"twitter:card\" content=\"summary_large_image\" \/>\n<meta name=\"twitter:label1\" content=\"Gesch\u00e4tzte Lesezeit\" \/>\n\t<meta name=\"twitter:data1\" content=\"2\u00a0Minuten\" \/>\n<script type=\"application\/ld+json\" class=\"yoast-schema-graph\">{\"@context\":\"https:\\\/\\\/schema.org\",\"@graph\":[{\"@type\":\"WebPage\",\"@id\":\"https:\\\/\\\/www.safe4u.de\\\/?page_id=115\",\"url\":\"https:\\\/\\\/www.safe4u.de\\\/?page_id=115\",\"name\":\"Service f\u00fcr Ihre Sicherheit \u2013 safe4u Alarmanlagen\",\"isPartOf\":{\"@id\":\"https:\\\/\\\/www.safe4u.de\\\/#website\"},\"primaryImageOfPage\":{\"@id\":\"https:\\\/\\\/www.safe4u.de\\\/?page_id=115#primaryimage\"},\"image\":{\"@id\":\"https:\\\/\\\/www.safe4u.de\\\/?page_id=115#primaryimage\"},\"thumbnailUrl\":\"https:\\\/\\\/www.safe4u.de\\\/wp-content\\\/uploads\\\/2020\\\/08\\\/Aussenmelder_Action_3_2020-cmp.jpg\",\"datePublished\":\"2020-07-22T14:10:21+00:00\",\"dateModified\":\"2020-08-25T09:05:03+00:00\",\"description\":\"Sicherheit muss verl\u00e4sslich sein. Deswegen entwickeln wir bei safe4u unser System kontinuierlich weiter. Damit Sie sicher sicher sind \u2713\",\"breadcrumb\":{\"@id\":\"https:\\\/\\\/www.safe4u.de\\\/?page_id=115#breadcrumb\"},\"inLanguage\":\"de\",\"potentialAction\":[{\"@type\":\"ReadAction\",\"target\":[\"https:\\\/\\\/www.safe4u.de\\\/?page_id=115\"]}]},{\"@type\":\"ImageObject\",\"inLanguage\":\"de\",\"@id\":\"https:\\\/\\\/www.safe4u.de\\\/?page_id=115#primaryimage\",\"url\":\"https:\\\/\\\/www.safe4u.de\\\/wp-content\\\/uploads\\\/2020\\\/08\\\/Aussenmelder_Action_3_2020-cmp.jpg\",\"contentUrl\":\"https:\\\/\\\/www.safe4u.de\\\/wp-content\\\/uploads\\\/2020\\\/08\\\/Aussenmelder_Action_3_2020-cmp.jpg\",\"width\":1920,\"height\":1280},{\"@type\":\"BreadcrumbList\",\"@id\":\"https:\\\/\\\/www.safe4u.de\\\/?page_id=115#breadcrumb\",\"itemListElement\":[{\"@type\":\"ListItem\",\"position\":1,\"name\":\"Home\",\"item\":\"https:\\\/\\\/www.safe4u.de\\\/\"},{\"@type\":\"ListItem\",\"position\":2,\"name\":\"Unsere Service-Leistungen\"}]},{\"@type\":\"WebSite\",\"@id\":\"https:\\\/\\\/www.safe4u.de\\\/#website\",\"url\":\"https:\\\/\\\/www.safe4u.de\\\/\",\"name\":\"safe4u Alarmanlagen\",\"description\":\"Sch\u00fctzen Sie Ihr Zuhause kosteng\u00fcnstig, effektiv und zuverl\u00e4ssig mit einer Alarmanlage von safe4u\",\"potentialAction\":[{\"@type\":\"SearchAction\",\"target\":{\"@type\":\"EntryPoint\",\"urlTemplate\":\"https:\\\/\\\/www.safe4u.de\\\/?s={search_term_string}\"},\"query-input\":{\"@type\":\"PropertyValueSpecification\",\"valueRequired\":true,\"valueName\":\"search_term_string\"}}],\"inLanguage\":\"de\"}]}<\/script>\n<!-- \/ Yoast SEO plugin. -->","yoast_head_json":{"title":"Service f\u00fcr Ihre Sicherheit \u2013 safe4u Alarmanlagen","description":"Sicherheit muss verl\u00e4sslich sein. Deswegen entwickeln wir bei safe4u unser System kontinuierlich weiter. Damit Sie sicher sicher sind \u2713","robots":{"index":"index","follow":"follow","max-snippet":"max-snippet:-1","max-image-preview":"max-image-preview:large","max-video-preview":"max-video-preview:-1"},"canonical":"https:\/\/www.safe4u.de\/?page_id=115","og_locale":"de_DE","og_type":"article","og_title":"Service f\u00fcr Ihre Sicherheit \u2013 safe4u Alarmanlagen","og_description":"Sicherheit muss verl\u00e4sslich sein. Deswegen entwickeln wir bei safe4u unser System kontinuierlich weiter. Damit Sie sicher sicher sind \u2713","og_url":"https:\/\/www.safe4u.de\/?page_id=115","og_site_name":"safe4u Alarmanlagen","article_modified_time":"2020-08-25T09:05:03+00:00","og_image":[{"url":"https:\/\/www.safe4u.de\/wp-content\/uploads\/2020\/08\/Aussenmelder_Action_3_2020-cmp.jpg","type":"","width":"","height":""}],"twitter_card":"summary_large_image","twitter_misc":{"Gesch\u00e4tzte Lesezeit":"2\u00a0Minuten"},"schema":{"@context":"https:\/\/schema.org","@graph":[{"@type":"WebPage","@id":"https:\/\/www.safe4u.de\/?page_id=115","url":"https:\/\/www.safe4u.de\/?page_id=115","name":"Service f\u00fcr Ihre Sicherheit \u2013 safe4u Alarmanlagen","isPartOf":{"@id":"https:\/\/www.safe4u.de\/#website"},"primaryImageOfPage":{"@id":"https:\/\/www.safe4u.de\/?page_id=115#primaryimage"},"image":{"@id":"https:\/\/www.safe4u.de\/?page_id=115#primaryimage"},"thumbnailUrl":"https:\/\/www.safe4u.de\/wp-content\/uploads\/2020\/08\/Aussenmelder_Action_3_2020-cmp.jpg","datePublished":"2020-07-22T14:10:21+00:00","dateModified":"2020-08-25T09:05:03+00:00","description":"Sicherheit muss verl\u00e4sslich sein. Deswegen entwickeln wir bei safe4u unser System kontinuierlich weiter. Damit Sie sicher sicher sind \u2713","breadcrumb":{"@id":"https:\/\/www.safe4u.de\/?page_id=115#breadcrumb"},"inLanguage":"de","potentialAction":[{"@type":"ReadAction","target":["https:\/\/www.safe4u.de\/?page_id=115"]}]},{"@type":"ImageObject","inLanguage":"de","@id":"https:\/\/www.safe4u.de\/?page_id=115#primaryimage","url":"https:\/\/www.safe4u.de\/wp-content\/uploads\/2020\/08\/Aussenmelder_Action_3_2020-cmp.jpg","contentUrl":"https:\/\/www.safe4u.de\/wp-content\/uploads\/2020\/08\/Aussenmelder_Action_3_2020-cmp.jpg","width":1920,"height":1280},{"@type":"BreadcrumbList","@id":"https:\/\/www.safe4u.de\/?page_id=115#breadcrumb","itemListElement":[{"@type":"ListItem","position":1,"name":"Home","item":"https:\/\/www.safe4u.de\/"},{"@type":"ListItem","position":2,"name":"Unsere Service-Leistungen"}]},{"@type":"WebSite","@id":"https:\/\/www.safe4u.de\/#website","url":"https:\/\/www.safe4u.de\/","name":"safe4u Alarmanlagen","description":"Sch\u00fctzen Sie Ihr Zuhause kosteng\u00fcnstig, effektiv und zuverl\u00e4ssig mit einer Alarmanlage von safe4u","potentialAction":[{"@type":"SearchAction","target":{"@type":"EntryPoint","urlTemplate":"https:\/\/www.safe4u.de\/?s={search_term_string}"},"query-input":{"@type":"PropertyValueSpecification","valueRequired":true,"valueName":"search_term_string"}}],"inLanguage":"de"}]}},"_links":{"self":[{"href":"https:\/\/www.safe4u.de\/index.php?rest_route=\/wp\/v2\/pages\/115","targetHints":{"allow":["GET"]}}],"collection":[{"href":"https:\/\/www.safe4u.de\/index.php?rest_route=\/wp\/v2\/pages"}],"about":[{"href":"https:\/\/www.safe4u.de\/index.php?rest_route=\/wp\/v2\/types\/page"}],"author":[{"embeddable":true,"href":"https:\/\/www.safe4u.de\/index.php?rest_route=\/wp\/v2\/users\/1"}],"replies":[{"embeddable":true,"href":"https:\/\/www.safe4u.de\/index.php?rest_route=%2Fwp%2Fv2%2Fcomments&post=115"}],"version-history":[{"count":17,"href":"https:\/\/www.safe4u.de\/index.php?rest_route=\/wp\/v2\/pages\/115\/revisions"}],"predecessor-version":[{"id":774,"href":"https:\/\/www.safe4u.de\/index.php?rest_route=\/wp\/v2\/pages\/115\/revisions\/774"}],"wp:attachment":[{"href":"https:\/\/www.safe4u.de\/index.php?rest_route=%2Fwp%2Fv2%2Fmedia&parent=115"}],"curies":[{"name":"wp","href":"https:\/\/api.w.org\/{rel}","templated":true}]}}