{"id":117,"date":"2020-07-22T14:10:34","date_gmt":"2020-07-22T14:10:34","guid":{"rendered":"https:\/\/safe4u.de\/?page_id=117"},"modified":"2025-04-08T12:19:50","modified_gmt":"2025-04-08T12:19:50","slug":"safe4u-stuetzpunkte","status":"publish","type":"page","link":"https:\/\/www.safe4u.de\/?page_id=117","title":{"rendered":"safe4u St\u00fctzpunkte"},"content":{"rendered":"<div id=\"cs-content\" class=\"cs-content\"><div class=\"x-section e117-e1 m39-0 m39-1\"><div class=\"x-row x-container max width e117-e2 m39-3 m39-4 m39-6\"><div class=\"x-row-inner\"><div class=\"x-col e117-e3 m39-8 m39-9 m39-a\"><div class=\"x-text x-text-headline e117-e4 m39-c m39-d\"><div class=\"x-text-content\"><div class=\"x-text-content-text\"><h1 class=\"x-text-content-text-primary\">Unsere safe4u-St\u00fctzpunkte<\/h1>\n<\/div><\/div><\/div><hr class=\"x-line e117-e5 m39-f\"\/><div class=\"x-text x-content e117-e6 m39-g m39-h m39-i\"><p>In unseren St\u00fctzpunkten in \u00d6sterreich und Deutschland bieten wir Ihnen die M\u00f6glichkeit, sich einen Eindruck der <strong>365pro+<small>Hybrid<\/small><\/strong> zu machen und deren Funktionsweise zu er\u00f6rtern.<\/p>\n<p>Unsere St\u00fctzpunktleiter und deren kompetente Teams beraten Sie vorerst zu dem Produkt und Sie k\u00f6nnen daraufhin einen <a href=\"\/sicherheitscheck-zuhause\/\">kostenlosen Sicherheitscheck<\/a> in Ihren vier W\u00e4nden vereinbaren.<\/p><\/div><hr class=\"x-line e117-e7 m39-f\"\/><\/div><div class=\"x-col x-hide-md x-hide-sm x-hide-xs e117-e8 m39-9 m39-a\"><div class=\"x-text x-content e117-e9 m39-g m39-h m39-j\"><div class=\"map_wrapper\" id=\"map_wrapper_371\">\n<div class=\"map_box\" style=\"max-width:2200px\">\n<div class=\"map_aspect_ratio\" style=\"padding-top:100%\" data-padding-top=\"100%\" data-padding-top-mobile=\"0%\">\n<div class=\"map_container\">\n<div class=\"map_render map_loading\" id=\"map_371\"><\/div>\n<\/div>\n<\/div>\n<\/div>\n<\/div><\/div><\/div><\/div><\/div><\/div><div class=\"x-section e117-e10 m39-0 m39-2\" id=\"info\"><div class=\"x-row x-container max width e117-e11 m39-3 m39-5 m39-7\"><div class=\"x-row-inner\"><div class=\"x-col e117-e12 m39-9 m39-b img-wrapper\"><span class=\"x-image e117-e13 m39-l m39-m inner-img\" id=\"west\"><img decoding=\"async\" src=\"https:\/\/www.safe4u.de\/wp-content\/uploads\/2020\/08\/Stu\u0308tzpunkt-Kratz.jpg\" width=\"600\" height=\"400\" alt=\"Image\" loading=\"lazy\"><\/span><div class=\"x-text x-text-headline e117-e14 m39-c m39-e\"><div class=\"x-text-content\"><div class=\"x-text-content-text\"><h2 class=\"x-text-content-text-primary\">St\u00fctzpunkt West + Belgien & Luxemburg<\/h2>\n<\/div><\/div><\/div><div class=\"x-text x-content e117-e15 m39-g m39-i m39-k\"><div class=\"innercontainer\">Ansprechpartner: Herr G\u00fcnther Kratz<\/div>\n<div class=\"innercontainer\">Raerener Str. 12d<br \/>\n52076 Aachen<br \/>\nMobil:<span>\u00a0<\/span><a href=\"tel:+491726904984\">0172 69 04 984<\/a><\/div>\n<div class=\"innercontainer\"><a href=\"mailto:guenther.kratz@safe4u.de\">guenther.kratz@safe4u.de<\/a><br \/>\n<br \/>\n\u00d6ffnungszeiten:<br \/>\nMontag Mittwoch und Freitag 14:00-17:00 Uhr oder nach Vereinbarung<\/div><\/div><\/div><div class=\"x-col e117-e16 m39-9 m39-b img-wrapper\"><span class=\"x-image e117-e17 m39-l m39-n\"><img decoding=\"async\" src=\"https:\/\/www.safe4u.de\/wp-content\/uploads\/2024\/01\/Kifmann2-1.jpg\" width=\"600\" height=\"400\" alt=\"Image\" loading=\"lazy\"><\/span><div class=\"x-text x-text-headline e117-e18 m39-c m39-e\"><div class=\"x-text-content\"><div class=\"x-text-content-text\"><h2 class=\"x-text-content-text-primary\">St\u00fctzpunkt Bayern, Th\u00fcringen, Sachsen<\/h2>\n<\/div><\/div><\/div><div class=\"x-text x-content e117-e19 m39-g m39-i m39-k\"><div class=\"innercontainer\">Ansprechpartner: Herr Wolfgang Kifmann<\/div>\n<div class=\"innercontainer\">Am Kreuzb&uuml;hl 1<br \/>92431 Neunburg vorm Wald<\/div>\n<div class=\"innercontainer\">Mobil: <a href=\"tel:+491717704417\">0171 7704417<\/a><\/div>\n<div class=\"innercontainer\">\n<p><a href=\"mailto:sicherheit24.kifmann@gmail.com\">sicherheit24.kifmann@gmail.com<\/a><\/p>\n<p>&Ouml;ffnungszeiten:<br \/>Montag bis Freitag 09:00-17:00 Uhr oder nach Vereinbarung<\/p>\n<\/div><\/div><\/div><div class=\"x-col e117-e20 m39-9 m39-b img-wrapper\"><\/div><div class=\"x-col e117-e21 m39-9 m39-a\"><\/div><\/div><\/div><\/div><\/div>\n","protected":false},"excerpt":{"rendered":"<p>Unsere safe4u-St\u00fctzpunkte In unseren St\u00fctzpunkten in \u00d6sterreich und Deutschland bieten wir Ihnen die M\u00f6glichkeit, sich einen Eindruck der 365pro+Hybrid zu machen und deren Funktionsweise zu er\u00f6rtern. Unsere St\u00fctzpunktleiter und deren kompetente Teams beraten Sie vorerst zu dem Produkt und Sie k\u00f6nnen daraufhin einen kostenlosen Sicherheitscheck in Ihren vier W\u00e4nden vereinbaren. St\u00fctzpunkt West + Belgien &#038; Luxemburg Ansprechpartner: Herr G\u00fcnther Kratz &#8230; <\/p>\n<div><a href=\"https:\/\/www.safe4u.de\/?page_id=117\" class=\"more-link\">Read More<\/a><\/div>\n","protected":false},"author":1,"featured_media":611,"parent":0,"menu_order":0,"comment_status":"closed","ping_status":"closed","template":"template-blank-4.php","meta":{"footnotes":""},"class_list":["post-117","page","type-page","status-publish","has-post-thumbnail","hentry"],"yoast_head":"<!-- This site is optimized with the Yoast SEO plugin v27.4 - https:\/\/yoast.com\/product\/yoast-seo-wordpress\/ -->\n<title>safe4u St\u00fctzpunkte \u2013 Alarmanlagen live erleben<\/title>\n<meta name=\"description\" content=\"In unseren St\u00fctzpunkten bieten wir Ihnen die M\u00f6glichkeit, sich einen Eindruck der 365pro+Hybrid zu machen. Kommen Sie vorbei \u2713\" \/>\n<meta name=\"robots\" content=\"index, follow, max-snippet:-1, max-image-preview:large, max-video-preview:-1\" \/>\n<link rel=\"canonical\" href=\"https:\/\/www.safe4u.de\/?page_id=117\" \/>\n<meta property=\"og:locale\" content=\"de_DE\" \/>\n<meta property=\"og:type\" content=\"article\" \/>\n<meta property=\"og:title\" content=\"safe4u St\u00fctzpunkte \u2013 Alarmanlagen live erleben\" \/>\n<meta property=\"og:description\" content=\"In unseren St\u00fctzpunkten bieten wir Ihnen die M\u00f6glichkeit, sich einen Eindruck der 365pro+Hybrid zu machen. Kommen Sie vorbei \u2713\" \/>\n<meta property=\"og:url\" content=\"https:\/\/www.safe4u.de\/?page_id=117\" \/>\n<meta property=\"og:site_name\" content=\"safe4u Alarmanlagen\" \/>\n<meta property=\"article:modified_time\" content=\"2025-04-08T12:19:50+00:00\" \/>\n<meta property=\"og:image\" content=\"https:\/\/www.safe4u.de\/wp-content\/uploads\/2020\/08\/KH-square.jpg\" \/>\n\t<meta property=\"og:image:width\" content=\"960\" \/>\n\t<meta property=\"og:image:height\" content=\"960\" \/>\n\t<meta property=\"og:image:type\" content=\"image\/jpeg\" \/>\n<meta name=\"twitter:card\" content=\"summary_large_image\" \/>\n<meta name=\"twitter:label1\" content=\"Gesch\u00e4tzte Lesezeit\" \/>\n\t<meta name=\"twitter:data1\" content=\"2\u00a0Minuten\" \/>\n<script type=\"application\/ld+json\" class=\"yoast-schema-graph\">{\"@context\":\"https:\\\/\\\/schema.org\",\"@graph\":[{\"@type\":\"WebPage\",\"@id\":\"https:\\\/\\\/www.safe4u.de\\\/?page_id=117\",\"url\":\"https:\\\/\\\/www.safe4u.de\\\/?page_id=117\",\"name\":\"safe4u St\u00fctzpunkte \u2013 Alarmanlagen live erleben\",\"isPartOf\":{\"@id\":\"https:\\\/\\\/www.safe4u.de\\\/#website\"},\"primaryImageOfPage\":{\"@id\":\"https:\\\/\\\/www.safe4u.de\\\/?page_id=117#primaryimage\"},\"image\":{\"@id\":\"https:\\\/\\\/www.safe4u.de\\\/?page_id=117#primaryimage\"},\"thumbnailUrl\":\"https:\\\/\\\/www.safe4u.de\\\/wp-content\\\/uploads\\\/2020\\\/08\\\/KH-square.jpg\",\"datePublished\":\"2020-07-22T14:10:34+00:00\",\"dateModified\":\"2025-04-08T12:19:50+00:00\",\"description\":\"In unseren St\u00fctzpunkten bieten wir Ihnen die M\u00f6glichkeit, sich einen Eindruck der 365pro+Hybrid zu machen. Kommen Sie vorbei \u2713\",\"breadcrumb\":{\"@id\":\"https:\\\/\\\/www.safe4u.de\\\/?page_id=117#breadcrumb\"},\"inLanguage\":\"de\",\"potentialAction\":[{\"@type\":\"ReadAction\",\"target\":[\"https:\\\/\\\/www.safe4u.de\\\/?page_id=117\"]}]},{\"@type\":\"ImageObject\",\"inLanguage\":\"de\",\"@id\":\"https:\\\/\\\/www.safe4u.de\\\/?page_id=117#primaryimage\",\"url\":\"https:\\\/\\\/www.safe4u.de\\\/wp-content\\\/uploads\\\/2020\\\/08\\\/KH-square.jpg\",\"contentUrl\":\"https:\\\/\\\/www.safe4u.de\\\/wp-content\\\/uploads\\\/2020\\\/08\\\/KH-square.jpg\",\"width\":960,\"height\":960},{\"@type\":\"BreadcrumbList\",\"@id\":\"https:\\\/\\\/www.safe4u.de\\\/?page_id=117#breadcrumb\",\"itemListElement\":[{\"@type\":\"ListItem\",\"position\":1,\"name\":\"Home\",\"item\":\"https:\\\/\\\/www.safe4u.de\\\/\"},{\"@type\":\"ListItem\",\"position\":2,\"name\":\"safe4u St\u00fctzpunkte\"}]},{\"@type\":\"WebSite\",\"@id\":\"https:\\\/\\\/www.safe4u.de\\\/#website\",\"url\":\"https:\\\/\\\/www.safe4u.de\\\/\",\"name\":\"safe4u Alarmanlagen\",\"description\":\"Sch\u00fctzen Sie Ihr Zuhause kosteng\u00fcnstig, effektiv und zuverl\u00e4ssig mit einer Alarmanlage von safe4u\",\"potentialAction\":[{\"@type\":\"SearchAction\",\"target\":{\"@type\":\"EntryPoint\",\"urlTemplate\":\"https:\\\/\\\/www.safe4u.de\\\/?s={search_term_string}\"},\"query-input\":{\"@type\":\"PropertyValueSpecification\",\"valueRequired\":true,\"valueName\":\"search_term_string\"}}],\"inLanguage\":\"de\"}]}<\/script>\n<!-- \/ Yoast SEO plugin. -->","yoast_head_json":{"title":"safe4u St\u00fctzpunkte \u2013 Alarmanlagen live erleben","description":"In unseren St\u00fctzpunkten bieten wir Ihnen die M\u00f6glichkeit, sich einen Eindruck der 365pro+Hybrid zu machen. Kommen Sie vorbei \u2713","robots":{"index":"index","follow":"follow","max-snippet":"max-snippet:-1","max-image-preview":"max-image-preview:large","max-video-preview":"max-video-preview:-1"},"canonical":"https:\/\/www.safe4u.de\/?page_id=117","og_locale":"de_DE","og_type":"article","og_title":"safe4u St\u00fctzpunkte \u2013 Alarmanlagen live erleben","og_description":"In unseren St\u00fctzpunkten bieten wir Ihnen die M\u00f6glichkeit, sich einen Eindruck der 365pro+Hybrid zu machen. Kommen Sie vorbei \u2713","og_url":"https:\/\/www.safe4u.de\/?page_id=117","og_site_name":"safe4u Alarmanlagen","article_modified_time":"2025-04-08T12:19:50+00:00","og_image":[{"width":960,"height":960,"url":"https:\/\/www.safe4u.de\/wp-content\/uploads\/2020\/08\/KH-square.jpg","type":"image\/jpeg"}],"twitter_card":"summary_large_image","twitter_misc":{"Gesch\u00e4tzte Lesezeit":"2\u00a0Minuten"},"schema":{"@context":"https:\/\/schema.org","@graph":[{"@type":"WebPage","@id":"https:\/\/www.safe4u.de\/?page_id=117","url":"https:\/\/www.safe4u.de\/?page_id=117","name":"safe4u St\u00fctzpunkte \u2013 Alarmanlagen live erleben","isPartOf":{"@id":"https:\/\/www.safe4u.de\/#website"},"primaryImageOfPage":{"@id":"https:\/\/www.safe4u.de\/?page_id=117#primaryimage"},"image":{"@id":"https:\/\/www.safe4u.de\/?page_id=117#primaryimage"},"thumbnailUrl":"https:\/\/www.safe4u.de\/wp-content\/uploads\/2020\/08\/KH-square.jpg","datePublished":"2020-07-22T14:10:34+00:00","dateModified":"2025-04-08T12:19:50+00:00","description":"In unseren St\u00fctzpunkten bieten wir Ihnen die M\u00f6glichkeit, sich einen Eindruck der 365pro+Hybrid zu machen. Kommen Sie vorbei \u2713","breadcrumb":{"@id":"https:\/\/www.safe4u.de\/?page_id=117#breadcrumb"},"inLanguage":"de","potentialAction":[{"@type":"ReadAction","target":["https:\/\/www.safe4u.de\/?page_id=117"]}]},{"@type":"ImageObject","inLanguage":"de","@id":"https:\/\/www.safe4u.de\/?page_id=117#primaryimage","url":"https:\/\/www.safe4u.de\/wp-content\/uploads\/2020\/08\/KH-square.jpg","contentUrl":"https:\/\/www.safe4u.de\/wp-content\/uploads\/2020\/08\/KH-square.jpg","width":960,"height":960},{"@type":"BreadcrumbList","@id":"https:\/\/www.safe4u.de\/?page_id=117#breadcrumb","itemListElement":[{"@type":"ListItem","position":1,"name":"Home","item":"https:\/\/www.safe4u.de\/"},{"@type":"ListItem","position":2,"name":"safe4u St\u00fctzpunkte"}]},{"@type":"WebSite","@id":"https:\/\/www.safe4u.de\/#website","url":"https:\/\/www.safe4u.de\/","name":"safe4u Alarmanlagen","description":"Sch\u00fctzen Sie Ihr Zuhause kosteng\u00fcnstig, effektiv und zuverl\u00e4ssig mit einer Alarmanlage von safe4u","potentialAction":[{"@type":"SearchAction","target":{"@type":"EntryPoint","urlTemplate":"https:\/\/www.safe4u.de\/?s={search_term_string}"},"query-input":{"@type":"PropertyValueSpecification","valueRequired":true,"valueName":"search_term_string"}}],"inLanguage":"de"}]}},"_links":{"self":[{"href":"https:\/\/www.safe4u.de\/index.php?rest_route=\/wp\/v2\/pages\/117","targetHints":{"allow":["GET"]}}],"collection":[{"href":"https:\/\/www.safe4u.de\/index.php?rest_route=\/wp\/v2\/pages"}],"about":[{"href":"https:\/\/www.safe4u.de\/index.php?rest_route=\/wp\/v2\/types\/page"}],"author":[{"embeddable":true,"href":"https:\/\/www.safe4u.de\/index.php?rest_route=\/wp\/v2\/users\/1"}],"replies":[{"embeddable":true,"href":"https:\/\/www.safe4u.de\/index.php?rest_route=%2Fwp%2Fv2%2Fcomments&post=117"}],"version-history":[{"count":41,"href":"https:\/\/www.safe4u.de\/index.php?rest_route=\/wp\/v2\/pages\/117\/revisions"}],"predecessor-version":[{"id":1317,"href":"https:\/\/www.safe4u.de\/index.php?rest_route=\/wp\/v2\/pages\/117\/revisions\/1317"}],"wp:featuredmedia":[{"embeddable":true,"href":"https:\/\/www.safe4u.de\/index.php?rest_route=\/wp\/v2\/media\/611"}],"wp:attachment":[{"href":"https:\/\/www.safe4u.de\/index.php?rest_route=%2Fwp%2Fv2%2Fmedia&parent=117"}],"curies":[{"name":"wp","href":"https:\/\/api.w.org\/{rel}","templated":true}]}}