{"id":123,"date":"2020-07-22T14:12:05","date_gmt":"2020-07-22T14:12:05","guid":{"rendered":"https:\/\/safe4u.de\/?page_id=123"},"modified":"2022-03-07T16:35:49","modified_gmt":"2022-03-07T16:35:49","slug":"fachberater-sicherheit-karriere","status":"publish","type":"page","link":"https:\/\/www.safe4u.de\/?page_id=123","title":{"rendered":"Fachberater f\u00fcr Sicherheit werden \u2013 Karriere"},"content":{"rendered":"<div id=\"cs-content\" class=\"cs-content\"><\/div>\n","protected":false},"excerpt":{"rendered":"<p>Mit Sicherheit erfolgreich \u2013 bei safe4u Ein zuverl\u00e4ssiges, qualitativ hochwertiges Produkt vertreiben Top Verdienstm\u00f6glichkeit und Aufbau der Karriere, schon in der Ausbildungszeit Absichern. Auch da, wo andere Infraschallsysteme an ihre Grenzen kommen Background eines Familienunternehmens mit langj\u00e4hriger Erfahrung Ausbildungs- und Weiterentwicklungsm\u00f6glichkeiten \u2013 vor Ort und virtuell Aktive Unterst\u00fctzung durch die Firmenzentrale und DACH St\u00fctzpunkte Investieren Sie Ihre Zeit in eine &#8230; <\/p>\n<div><a href=\"https:\/\/www.safe4u.de\/?page_id=123\" class=\"more-link\">Read More<\/a><\/div>\n","protected":false},"author":1,"featured_media":0,"parent":0,"menu_order":0,"comment_status":"closed","ping_status":"closed","template":"template-blank-4.php","meta":{"footnotes":""},"class_list":["post-123","page","type-page","status-publish","hentry","no-post-thumbnail"],"yoast_head":"<!-- This site is optimized with the Yoast SEO plugin v27.4 - https:\/\/yoast.com\/product\/yoast-seo-wordpress\/ -->\n<title>Fachberater f\u00fcr Sicherheit werden \u2013 Karriere \u2013safe4u Alarmanlagen<\/title>\n<meta name=\"description\" content=\"Innerhalb von 6 Wochen zum top geschulten Sicherheitsfachberater mit attraktiven Verdienst- und Weiter\u00adentwicklungs\u00adm\u00f6glich\u00adkeiten \u2713\" \/>\n<meta name=\"robots\" content=\"index, follow, max-snippet:-1, max-image-preview:large, max-video-preview:-1\" \/>\n<link rel=\"canonical\" href=\"https:\/\/www.safe4u.de\/?page_id=123\" \/>\n<meta property=\"og:locale\" content=\"de_DE\" \/>\n<meta property=\"og:type\" content=\"article\" \/>\n<meta property=\"og:title\" content=\"Fachberater f\u00fcr Sicherheit werden \u2013 Karriere \u2013safe4u Alarmanlagen\" \/>\n<meta property=\"og:description\" content=\"Innerhalb von 6 Wochen zum top geschulten Sicherheitsfachberater mit attraktiven Verdienst- und Weiter\u00adentwicklungs\u00adm\u00f6glich\u00adkeiten \u2713\" \/>\n<meta property=\"og:url\" content=\"https:\/\/www.safe4u.de\/?page_id=123\" \/>\n<meta property=\"og:site_name\" content=\"safe4u Alarmanlagen\" \/>\n<meta property=\"article:modified_time\" content=\"2022-03-07T16:35:49+00:00\" \/>\n<meta name=\"twitter:card\" content=\"summary_large_image\" \/>\n<meta name=\"twitter:label1\" content=\"Gesch\u00e4tzte Lesezeit\" \/>\n\t<meta name=\"twitter:data1\" content=\"6\u00a0Minuten\" \/>\n<script type=\"application\/ld+json\" class=\"yoast-schema-graph\">{\"@context\":\"https:\\\/\\\/schema.org\",\"@graph\":[{\"@type\":\"WebPage\",\"@id\":\"https:\\\/\\\/www.safe4u.de\\\/?page_id=123\",\"url\":\"https:\\\/\\\/www.safe4u.de\\\/?page_id=123\",\"name\":\"Fachberater f\u00fcr Sicherheit werden \u2013 Karriere \u2013safe4u Alarmanlagen\",\"isPartOf\":{\"@id\":\"https:\\\/\\\/www.safe4u.de\\\/#website\"},\"datePublished\":\"2020-07-22T14:12:05+00:00\",\"dateModified\":\"2022-03-07T16:35:49+00:00\",\"description\":\"Innerhalb von 6 Wochen zum top geschulten Sicherheitsfachberater mit attraktiven Verdienst- und Weiter\u00adentwicklungs\u00adm\u00f6glich\u00adkeiten \u2713\",\"breadcrumb\":{\"@id\":\"https:\\\/\\\/www.safe4u.de\\\/?page_id=123#breadcrumb\"},\"inLanguage\":\"de\",\"potentialAction\":[{\"@type\":\"ReadAction\",\"target\":[\"https:\\\/\\\/www.safe4u.de\\\/?page_id=123\"]}]},{\"@type\":\"BreadcrumbList\",\"@id\":\"https:\\\/\\\/www.safe4u.de\\\/?page_id=123#breadcrumb\",\"itemListElement\":[{\"@type\":\"ListItem\",\"position\":1,\"name\":\"Home\",\"item\":\"https:\\\/\\\/www.safe4u.de\\\/\"},{\"@type\":\"ListItem\",\"position\":2,\"name\":\"Fachberater f\u00fcr Sicherheit werden \u2013 Karriere\"}]},{\"@type\":\"WebSite\",\"@id\":\"https:\\\/\\\/www.safe4u.de\\\/#website\",\"url\":\"https:\\\/\\\/www.safe4u.de\\\/\",\"name\":\"safe4u Alarmanlagen\",\"description\":\"Sch\u00fctzen Sie Ihr Zuhause kosteng\u00fcnstig, effektiv und zuverl\u00e4ssig mit einer Alarmanlage von safe4u\",\"potentialAction\":[{\"@type\":\"SearchAction\",\"target\":{\"@type\":\"EntryPoint\",\"urlTemplate\":\"https:\\\/\\\/www.safe4u.de\\\/?s={search_term_string}\"},\"query-input\":{\"@type\":\"PropertyValueSpecification\",\"valueRequired\":true,\"valueName\":\"search_term_string\"}}],\"inLanguage\":\"de\"}]}<\/script>\n<!-- \/ Yoast SEO plugin. -->","yoast_head_json":{"title":"Fachberater f\u00fcr Sicherheit werden \u2013 Karriere \u2013safe4u Alarmanlagen","description":"Innerhalb von 6 Wochen zum top geschulten Sicherheitsfachberater mit attraktiven Verdienst- und Weiter\u00adentwicklungs\u00adm\u00f6glich\u00adkeiten \u2713","robots":{"index":"index","follow":"follow","max-snippet":"max-snippet:-1","max-image-preview":"max-image-preview:large","max-video-preview":"max-video-preview:-1"},"canonical":"https:\/\/www.safe4u.de\/?page_id=123","og_locale":"de_DE","og_type":"article","og_title":"Fachberater f\u00fcr Sicherheit werden \u2013 Karriere \u2013safe4u Alarmanlagen","og_description":"Innerhalb von 6 Wochen zum top geschulten Sicherheitsfachberater mit attraktiven Verdienst- und Weiter\u00adentwicklungs\u00adm\u00f6glich\u00adkeiten \u2713","og_url":"https:\/\/www.safe4u.de\/?page_id=123","og_site_name":"safe4u Alarmanlagen","article_modified_time":"2022-03-07T16:35:49+00:00","twitter_card":"summary_large_image","twitter_misc":{"Gesch\u00e4tzte Lesezeit":"6\u00a0Minuten"},"schema":{"@context":"https:\/\/schema.org","@graph":[{"@type":"WebPage","@id":"https:\/\/www.safe4u.de\/?page_id=123","url":"https:\/\/www.safe4u.de\/?page_id=123","name":"Fachberater f\u00fcr Sicherheit werden \u2013 Karriere \u2013safe4u Alarmanlagen","isPartOf":{"@id":"https:\/\/www.safe4u.de\/#website"},"datePublished":"2020-07-22T14:12:05+00:00","dateModified":"2022-03-07T16:35:49+00:00","description":"Innerhalb von 6 Wochen zum top geschulten Sicherheitsfachberater mit attraktiven Verdienst- und Weiter\u00adentwicklungs\u00adm\u00f6glich\u00adkeiten \u2713","breadcrumb":{"@id":"https:\/\/www.safe4u.de\/?page_id=123#breadcrumb"},"inLanguage":"de","potentialAction":[{"@type":"ReadAction","target":["https:\/\/www.safe4u.de\/?page_id=123"]}]},{"@type":"BreadcrumbList","@id":"https:\/\/www.safe4u.de\/?page_id=123#breadcrumb","itemListElement":[{"@type":"ListItem","position":1,"name":"Home","item":"https:\/\/www.safe4u.de\/"},{"@type":"ListItem","position":2,"name":"Fachberater f\u00fcr Sicherheit werden \u2013 Karriere"}]},{"@type":"WebSite","@id":"https:\/\/www.safe4u.de\/#website","url":"https:\/\/www.safe4u.de\/","name":"safe4u Alarmanlagen","description":"Sch\u00fctzen Sie Ihr Zuhause kosteng\u00fcnstig, effektiv und zuverl\u00e4ssig mit einer Alarmanlage von safe4u","potentialAction":[{"@type":"SearchAction","target":{"@type":"EntryPoint","urlTemplate":"https:\/\/www.safe4u.de\/?s={search_term_string}"},"query-input":{"@type":"PropertyValueSpecification","valueRequired":true,"valueName":"search_term_string"}}],"inLanguage":"de"}]}},"_links":{"self":[{"href":"https:\/\/www.safe4u.de\/index.php?rest_route=\/wp\/v2\/pages\/123","targetHints":{"allow":["GET"]}}],"collection":[{"href":"https:\/\/www.safe4u.de\/index.php?rest_route=\/wp\/v2\/pages"}],"about":[{"href":"https:\/\/www.safe4u.de\/index.php?rest_route=\/wp\/v2\/types\/page"}],"author":[{"embeddable":true,"href":"https:\/\/www.safe4u.de\/index.php?rest_route=\/wp\/v2\/users\/1"}],"replies":[{"embeddable":true,"href":"https:\/\/www.safe4u.de\/index.php?rest_route=%2Fwp%2Fv2%2Fcomments&post=123"}],"version-history":[{"count":56,"href":"https:\/\/www.safe4u.de\/index.php?rest_route=\/wp\/v2\/pages\/123\/revisions"}],"predecessor-version":[{"id":1043,"href":"https:\/\/www.safe4u.de\/index.php?rest_route=\/wp\/v2\/pages\/123\/revisions\/1043"}],"wp:attachment":[{"href":"https:\/\/www.safe4u.de\/index.php?rest_route=%2Fwp%2Fv2%2Fmedia&parent=123"}],"curies":[{"name":"wp","href":"https:\/\/api.w.org\/{rel}","templated":true}]}}