{"id":1230,"date":"2023-05-15T12:20:40","date_gmt":"2023-05-15T12:20:40","guid":{"rendered":"https:\/\/safe4u.de\/my-tickets\/"},"modified":"2023-05-15T12:20:40","modified_gmt":"2023-05-15T12:20:40","slug":"my-tickets","status":"publish","type":"page","link":"https:\/\/www.safe4u.de\/?page_id=1230","title":{"rendered":"My Tickets"},"content":{"rendered":"[tickets]\n","protected":false},"excerpt":{"rendered":"<p>[tickets]<\/p>\n","protected":false},"author":5,"featured_media":0,"parent":0,"menu_order":0,"comment_status":"closed","ping_status":"closed","template":"","meta":{"footnotes":""},"class_list":["post-1230","page","type-page","status-publish","hentry","no-post-thumbnail"],"yoast_head":"<!-- This site is optimized with the Yoast SEO plugin v27.4 - https:\/\/yoast.com\/product\/yoast-seo-wordpress\/ -->\n<title>My Tickets - safe4u Alarmanlagen<\/title>\n<meta name=\"robots\" content=\"index, follow, max-snippet:-1, max-image-preview:large, max-video-preview:-1\" \/>\n<link rel=\"canonical\" href=\"https:\/\/www.safe4u.de\/?page_id=1230\" \/>\n<meta property=\"og:locale\" content=\"de_DE\" \/>\n<meta property=\"og:type\" content=\"article\" \/>\n<meta property=\"og:title\" content=\"My Tickets - safe4u Alarmanlagen\" \/>\n<meta property=\"og:description\" content=\"[tickets]\" \/>\n<meta property=\"og:url\" content=\"https:\/\/www.safe4u.de\/?page_id=1230\" \/>\n<meta property=\"og:site_name\" content=\"safe4u Alarmanlagen\" \/>\n<meta name=\"twitter:card\" content=\"summary_large_image\" \/>\n<script type=\"application\/ld+json\" class=\"yoast-schema-graph\">{\"@context\":\"https:\\\/\\\/schema.org\",\"@graph\":[{\"@type\":\"WebPage\",\"@id\":\"https:\\\/\\\/www.safe4u.de\\\/?page_id=1230\",\"url\":\"https:\\\/\\\/www.safe4u.de\\\/?page_id=1230\",\"name\":\"My Tickets - safe4u Alarmanlagen\",\"isPartOf\":{\"@id\":\"https:\\\/\\\/www.safe4u.de\\\/#website\"},\"datePublished\":\"2023-05-15T12:20:40+00:00\",\"breadcrumb\":{\"@id\":\"https:\\\/\\\/www.safe4u.de\\\/?page_id=1230#breadcrumb\"},\"inLanguage\":\"de\",\"potentialAction\":[{\"@type\":\"ReadAction\",\"target\":[\"https:\\\/\\\/www.safe4u.de\\\/?page_id=1230\"]}]},{\"@type\":\"BreadcrumbList\",\"@id\":\"https:\\\/\\\/www.safe4u.de\\\/?page_id=1230#breadcrumb\",\"itemListElement\":[{\"@type\":\"ListItem\",\"position\":1,\"name\":\"Home\",\"item\":\"https:\\\/\\\/www.safe4u.de\\\/\"},{\"@type\":\"ListItem\",\"position\":2,\"name\":\"My Tickets\"}]},{\"@type\":\"WebSite\",\"@id\":\"https:\\\/\\\/www.safe4u.de\\\/#website\",\"url\":\"https:\\\/\\\/www.safe4u.de\\\/\",\"name\":\"safe4u Alarmanlagen\",\"description\":\"Sch\u00fctzen Sie Ihr Zuhause kosteng\u00fcnstig, effektiv und zuverl\u00e4ssig mit einer Alarmanlage von safe4u\",\"potentialAction\":[{\"@type\":\"SearchAction\",\"target\":{\"@type\":\"EntryPoint\",\"urlTemplate\":\"https:\\\/\\\/www.safe4u.de\\\/?s={search_term_string}\"},\"query-input\":{\"@type\":\"PropertyValueSpecification\",\"valueRequired\":true,\"valueName\":\"search_term_string\"}}],\"inLanguage\":\"de\"}]}<\/script>\n<!-- \/ Yoast SEO plugin. -->","yoast_head_json":{"title":"My Tickets - safe4u Alarmanlagen","robots":{"index":"index","follow":"follow","max-snippet":"max-snippet:-1","max-image-preview":"max-image-preview:large","max-video-preview":"max-video-preview:-1"},"canonical":"https:\/\/www.safe4u.de\/?page_id=1230","og_locale":"de_DE","og_type":"article","og_title":"My Tickets - safe4u Alarmanlagen","og_description":"[tickets]","og_url":"https:\/\/www.safe4u.de\/?page_id=1230","og_site_name":"safe4u Alarmanlagen","twitter_card":"summary_large_image","schema":{"@context":"https:\/\/schema.org","@graph":[{"@type":"WebPage","@id":"https:\/\/www.safe4u.de\/?page_id=1230","url":"https:\/\/www.safe4u.de\/?page_id=1230","name":"My Tickets - safe4u Alarmanlagen","isPartOf":{"@id":"https:\/\/www.safe4u.de\/#website"},"datePublished":"2023-05-15T12:20:40+00:00","breadcrumb":{"@id":"https:\/\/www.safe4u.de\/?page_id=1230#breadcrumb"},"inLanguage":"de","potentialAction":[{"@type":"ReadAction","target":["https:\/\/www.safe4u.de\/?page_id=1230"]}]},{"@type":"BreadcrumbList","@id":"https:\/\/www.safe4u.de\/?page_id=1230#breadcrumb","itemListElement":[{"@type":"ListItem","position":1,"name":"Home","item":"https:\/\/www.safe4u.de\/"},{"@type":"ListItem","position":2,"name":"My Tickets"}]},{"@type":"WebSite","@id":"https:\/\/www.safe4u.de\/#website","url":"https:\/\/www.safe4u.de\/","name":"safe4u Alarmanlagen","description":"Sch\u00fctzen Sie Ihr Zuhause kosteng\u00fcnstig, effektiv und zuverl\u00e4ssig mit einer Alarmanlage von safe4u","potentialAction":[{"@type":"SearchAction","target":{"@type":"EntryPoint","urlTemplate":"https:\/\/www.safe4u.de\/?s={search_term_string}"},"query-input":{"@type":"PropertyValueSpecification","valueRequired":true,"valueName":"search_term_string"}}],"inLanguage":"de"}]}},"_links":{"self":[{"href":"https:\/\/www.safe4u.de\/index.php?rest_route=\/wp\/v2\/pages\/1230","targetHints":{"allow":["GET"]}}],"collection":[{"href":"https:\/\/www.safe4u.de\/index.php?rest_route=\/wp\/v2\/pages"}],"about":[{"href":"https:\/\/www.safe4u.de\/index.php?rest_route=\/wp\/v2\/types\/page"}],"author":[{"embeddable":true,"href":"https:\/\/www.safe4u.de\/index.php?rest_route=\/wp\/v2\/users\/5"}],"replies":[{"embeddable":true,"href":"https:\/\/www.safe4u.de\/index.php?rest_route=%2Fwp%2Fv2%2Fcomments&post=1230"}],"version-history":[{"count":0,"href":"https:\/\/www.safe4u.de\/index.php?rest_route=\/wp\/v2\/pages\/1230\/revisions"}],"wp:attachment":[{"href":"https:\/\/www.safe4u.de\/index.php?rest_route=%2Fwp%2Fv2%2Fmedia&parent=1230"}],"curies":[{"name":"wp","href":"https:\/\/api.w.org\/{rel}","templated":true}]}}