{"id":125,"date":"2020-07-22T14:12:29","date_gmt":"2020-07-22T14:12:29","guid":{"rendered":"https:\/\/safe4u.de\/?page_id=125"},"modified":"2021-01-19T11:36:52","modified_gmt":"2021-01-19T11:36:52","slug":"erdmaennchen-der-sicherheitsexperte","status":"publish","type":"page","link":"https:\/\/www.safe4u.de\/?page_id=125","title":{"rendered":"Erdm\u00e4nnchen \u2013 der Sicherheitsexperte"},"content":{"rendered":"<div id=\"cs-content\" class=\"cs-content\"><\/div>\n","protected":false},"excerpt":{"rendered":"<p>Erdm\u00e4nnchen: ein starkes Team, eine gute Mannschaft Daf\u00fcr steht auch safe4u Germany Erdm\u00e4nnchen \u2013 eine starke Gemeinschaft Die niedlichen, flauschigen und sehr aufmerksamen Vierbeiner sind Sinnbild f\u00fcr eine starke Gemeinschaft. Sie bewachen zusammen ihren Bau &#8211; ihr Zuhause. Ihre Augen und Ohren sind immer wachsam und sch\u00fctzen die gesamte Familie im Bau vor Eindringlingen. Sobald ein Erdm\u00e4nnchen eine Gefahr vermutet, &#8230; <\/p>\n<div><a href=\"https:\/\/www.safe4u.de\/?page_id=125\" class=\"more-link\">Read More<\/a><\/div>\n","protected":false},"author":1,"featured_media":0,"parent":0,"menu_order":0,"comment_status":"closed","ping_status":"closed","template":"template-blank-4.php","meta":{"footnotes":""},"class_list":["post-125","page","type-page","status-publish","hentry","no-post-thumbnail"],"yoast_head":"<!-- This site is optimized with the Yoast SEO plugin v27.4 - https:\/\/yoast.com\/product\/yoast-seo-wordpress\/ -->\n<title>Erdm\u00e4nnchen \u2013 der Sicherheitsexperte \u2013 safe4u Alarmanlagen<\/title>\n<meta name=\"description\" content=\"Erfolgreiche Individuen, die ein gemeinsames Ziel verfolgen und zusammen eine starke Gemeinschaft bilden! Gemeinsam f\u00fcr Ihre Sicherheit \u2713\" \/>\n<meta name=\"robots\" content=\"index, follow, max-snippet:-1, max-image-preview:large, max-video-preview:-1\" \/>\n<link rel=\"canonical\" href=\"https:\/\/www.safe4u.de\/?page_id=125\" \/>\n<meta property=\"og:locale\" content=\"de_DE\" \/>\n<meta property=\"og:type\" content=\"article\" \/>\n<meta property=\"og:title\" content=\"Erdm\u00e4nnchen \u2013 der Sicherheitsexperte \u2013 safe4u Alarmanlagen\" \/>\n<meta property=\"og:description\" content=\"Erfolgreiche Individuen, die ein gemeinsames Ziel verfolgen und zusammen eine starke Gemeinschaft bilden! Gemeinsam f\u00fcr Ihre Sicherheit \u2713\" \/>\n<meta property=\"og:url\" content=\"https:\/\/www.safe4u.de\/?page_id=125\" \/>\n<meta property=\"og:site_name\" content=\"safe4u Alarmanlagen\" \/>\n<meta property=\"article:modified_time\" content=\"2021-01-19T11:36:52+00:00\" \/>\n<meta property=\"og:image\" content=\"https:\/\/www.safe4u.de\/wp-content\/uploads\/2020\/08\/erdmaennchen-team.jpg\" \/>\n<meta name=\"twitter:card\" content=\"summary_large_image\" \/>\n<meta name=\"twitter:label1\" content=\"Gesch\u00e4tzte Lesezeit\" \/>\n\t<meta name=\"twitter:data1\" content=\"2\u00a0Minuten\" \/>\n<script type=\"application\/ld+json\" class=\"yoast-schema-graph\">{\"@context\":\"https:\\\/\\\/schema.org\",\"@graph\":[{\"@type\":\"WebPage\",\"@id\":\"https:\\\/\\\/www.safe4u.de\\\/?page_id=125\",\"url\":\"https:\\\/\\\/www.safe4u.de\\\/?page_id=125\",\"name\":\"Erdm\u00e4nnchen \u2013 der Sicherheitsexperte \u2013 safe4u Alarmanlagen\",\"isPartOf\":{\"@id\":\"https:\\\/\\\/www.safe4u.de\\\/#website\"},\"primaryImageOfPage\":{\"@id\":\"https:\\\/\\\/www.safe4u.de\\\/?page_id=125#primaryimage\"},\"image\":{\"@id\":\"https:\\\/\\\/www.safe4u.de\\\/?page_id=125#primaryimage\"},\"thumbnailUrl\":\"https:\\\/\\\/www.safe4u.de\\\/wp-content\\\/uploads\\\/2020\\\/08\\\/erdmaennchen-team.jpg\",\"datePublished\":\"2020-07-22T14:12:29+00:00\",\"dateModified\":\"2021-01-19T11:36:52+00:00\",\"description\":\"Erfolgreiche Individuen, die ein gemeinsames Ziel verfolgen und zusammen eine starke Gemeinschaft bilden! Gemeinsam f\u00fcr Ihre Sicherheit \u2713\",\"breadcrumb\":{\"@id\":\"https:\\\/\\\/www.safe4u.de\\\/?page_id=125#breadcrumb\"},\"inLanguage\":\"de\",\"potentialAction\":[{\"@type\":\"ReadAction\",\"target\":[\"https:\\\/\\\/www.safe4u.de\\\/?page_id=125\"]}]},{\"@type\":\"ImageObject\",\"inLanguage\":\"de\",\"@id\":\"https:\\\/\\\/www.safe4u.de\\\/?page_id=125#primaryimage\",\"url\":\"https:\\\/\\\/www.safe4u.de\\\/wp-content\\\/uploads\\\/2020\\\/08\\\/erdmaennchen-team.jpg\",\"contentUrl\":\"https:\\\/\\\/www.safe4u.de\\\/wp-content\\\/uploads\\\/2020\\\/08\\\/erdmaennchen-team.jpg\",\"width\":1886,\"height\":1261},{\"@type\":\"BreadcrumbList\",\"@id\":\"https:\\\/\\\/www.safe4u.de\\\/?page_id=125#breadcrumb\",\"itemListElement\":[{\"@type\":\"ListItem\",\"position\":1,\"name\":\"Home\",\"item\":\"https:\\\/\\\/www.safe4u.de\\\/\"},{\"@type\":\"ListItem\",\"position\":2,\"name\":\"Erdm\u00e4nnchen \u2013 der Sicherheitsexperte\"}]},{\"@type\":\"WebSite\",\"@id\":\"https:\\\/\\\/www.safe4u.de\\\/#website\",\"url\":\"https:\\\/\\\/www.safe4u.de\\\/\",\"name\":\"safe4u Alarmanlagen\",\"description\":\"Sch\u00fctzen Sie Ihr Zuhause kosteng\u00fcnstig, effektiv und zuverl\u00e4ssig mit einer Alarmanlage von safe4u\",\"potentialAction\":[{\"@type\":\"SearchAction\",\"target\":{\"@type\":\"EntryPoint\",\"urlTemplate\":\"https:\\\/\\\/www.safe4u.de\\\/?s={search_term_string}\"},\"query-input\":{\"@type\":\"PropertyValueSpecification\",\"valueRequired\":true,\"valueName\":\"search_term_string\"}}],\"inLanguage\":\"de\"}]}<\/script>\n<!-- \/ Yoast SEO plugin. -->","yoast_head_json":{"title":"Erdm\u00e4nnchen \u2013 der Sicherheitsexperte \u2013 safe4u Alarmanlagen","description":"Erfolgreiche Individuen, die ein gemeinsames Ziel verfolgen und zusammen eine starke Gemeinschaft bilden! Gemeinsam f\u00fcr Ihre Sicherheit \u2713","robots":{"index":"index","follow":"follow","max-snippet":"max-snippet:-1","max-image-preview":"max-image-preview:large","max-video-preview":"max-video-preview:-1"},"canonical":"https:\/\/www.safe4u.de\/?page_id=125","og_locale":"de_DE","og_type":"article","og_title":"Erdm\u00e4nnchen \u2013 der Sicherheitsexperte \u2013 safe4u Alarmanlagen","og_description":"Erfolgreiche Individuen, die ein gemeinsames Ziel verfolgen und zusammen eine starke Gemeinschaft bilden! Gemeinsam f\u00fcr Ihre Sicherheit \u2713","og_url":"https:\/\/www.safe4u.de\/?page_id=125","og_site_name":"safe4u Alarmanlagen","article_modified_time":"2021-01-19T11:36:52+00:00","og_image":[{"url":"https:\/\/www.safe4u.de\/wp-content\/uploads\/2020\/08\/erdmaennchen-team.jpg","type":"","width":"","height":""}],"twitter_card":"summary_large_image","twitter_misc":{"Gesch\u00e4tzte Lesezeit":"2\u00a0Minuten"},"schema":{"@context":"https:\/\/schema.org","@graph":[{"@type":"WebPage","@id":"https:\/\/www.safe4u.de\/?page_id=125","url":"https:\/\/www.safe4u.de\/?page_id=125","name":"Erdm\u00e4nnchen \u2013 der Sicherheitsexperte \u2013 safe4u Alarmanlagen","isPartOf":{"@id":"https:\/\/www.safe4u.de\/#website"},"primaryImageOfPage":{"@id":"https:\/\/www.safe4u.de\/?page_id=125#primaryimage"},"image":{"@id":"https:\/\/www.safe4u.de\/?page_id=125#primaryimage"},"thumbnailUrl":"https:\/\/www.safe4u.de\/wp-content\/uploads\/2020\/08\/erdmaennchen-team.jpg","datePublished":"2020-07-22T14:12:29+00:00","dateModified":"2021-01-19T11:36:52+00:00","description":"Erfolgreiche Individuen, die ein gemeinsames Ziel verfolgen und zusammen eine starke Gemeinschaft bilden! Gemeinsam f\u00fcr Ihre Sicherheit \u2713","breadcrumb":{"@id":"https:\/\/www.safe4u.de\/?page_id=125#breadcrumb"},"inLanguage":"de","potentialAction":[{"@type":"ReadAction","target":["https:\/\/www.safe4u.de\/?page_id=125"]}]},{"@type":"ImageObject","inLanguage":"de","@id":"https:\/\/www.safe4u.de\/?page_id=125#primaryimage","url":"https:\/\/www.safe4u.de\/wp-content\/uploads\/2020\/08\/erdmaennchen-team.jpg","contentUrl":"https:\/\/www.safe4u.de\/wp-content\/uploads\/2020\/08\/erdmaennchen-team.jpg","width":1886,"height":1261},{"@type":"BreadcrumbList","@id":"https:\/\/www.safe4u.de\/?page_id=125#breadcrumb","itemListElement":[{"@type":"ListItem","position":1,"name":"Home","item":"https:\/\/www.safe4u.de\/"},{"@type":"ListItem","position":2,"name":"Erdm\u00e4nnchen \u2013 der Sicherheitsexperte"}]},{"@type":"WebSite","@id":"https:\/\/www.safe4u.de\/#website","url":"https:\/\/www.safe4u.de\/","name":"safe4u Alarmanlagen","description":"Sch\u00fctzen Sie Ihr Zuhause kosteng\u00fcnstig, effektiv und zuverl\u00e4ssig mit einer Alarmanlage von safe4u","potentialAction":[{"@type":"SearchAction","target":{"@type":"EntryPoint","urlTemplate":"https:\/\/www.safe4u.de\/?s={search_term_string}"},"query-input":{"@type":"PropertyValueSpecification","valueRequired":true,"valueName":"search_term_string"}}],"inLanguage":"de"}]}},"_links":{"self":[{"href":"https:\/\/www.safe4u.de\/index.php?rest_route=\/wp\/v2\/pages\/125","targetHints":{"allow":["GET"]}}],"collection":[{"href":"https:\/\/www.safe4u.de\/index.php?rest_route=\/wp\/v2\/pages"}],"about":[{"href":"https:\/\/www.safe4u.de\/index.php?rest_route=\/wp\/v2\/types\/page"}],"author":[{"embeddable":true,"href":"https:\/\/www.safe4u.de\/index.php?rest_route=\/wp\/v2\/users\/1"}],"replies":[{"embeddable":true,"href":"https:\/\/www.safe4u.de\/index.php?rest_route=%2Fwp%2Fv2%2Fcomments&post=125"}],"version-history":[{"count":28,"href":"https:\/\/www.safe4u.de\/index.php?rest_route=\/wp\/v2\/pages\/125\/revisions"}],"predecessor-version":[{"id":833,"href":"https:\/\/www.safe4u.de\/index.php?rest_route=\/wp\/v2\/pages\/125\/revisions\/833"}],"wp:attachment":[{"href":"https:\/\/www.safe4u.de\/index.php?rest_route=%2Fwp%2Fv2%2Fmedia&parent=125"}],"curies":[{"name":"wp","href":"https:\/\/api.w.org\/{rel}","templated":true}]}}