{"id":76,"date":"2020-07-21T15:09:34","date_gmt":"2020-07-21T15:09:34","guid":{"rendered":"https:\/\/safe4u.de\/?page_id=76"},"modified":"2022-03-07T16:30:48","modified_gmt":"2022-03-07T16:30:48","slug":"365pro-hybrid","status":"publish","type":"page","link":"https:\/\/www.safe4u.de\/?page_id=76","title":{"rendered":"Unsere 365pro+Hybrid"},"content":{"rendered":"<div id=\"cs-content\" class=\"cs-content\"><\/div>\n","protected":false},"excerpt":{"rendered":"<p>[rev_slider alias=&#8220;produktslider&#8220;][\/rev_slider]HighlightsFunktionalit\u00e4tModularer AufbauKontakt365pro+Hybrid. \u00dcberzeugt durch Flexibilit\u00e4t dank modularem Aufbau. Intelligenz Die CPU1.0 Zentrale ist das Gehirn und die Schaltzentrale des Alarmsystems.Sicherheit Die Zentrale kann nicht manipuliert werden. Transparenz S\u00e4mtliche Module werden \u00fcberwacht und St\u00f6rungen werden angezeigt.Display Alle Meldungen k\u00f6nnen \u00fcber das Display angezeigt werden.Ereignisspeicher Zeichnet die letzten 1.000 Ereignisse auf, ist jederzeit abrufbar. Mehr Transparenz!Information Ob durch das Display, Telefon, &#8230; <\/p>\n<div><a href=\"https:\/\/www.safe4u.de\/?page_id=76\" class=\"more-link\">Read More<\/a><\/div>\n","protected":false},"author":1,"featured_media":573,"parent":0,"menu_order":0,"comment_status":"closed","ping_status":"closed","template":"template-blank-4.php","meta":{"footnotes":""},"class_list":["post-76","page","type-page","status-publish","has-post-thumbnail","hentry"],"yoast_head":"<!-- This site is optimized with the Yoast SEO plugin v27.4 - https:\/\/yoast.com\/product\/yoast-seo-wordpress\/ -->\n<title>Die 365pro+Hybrid \u2013 das neue Alarmsystem von safe4u<\/title>\n<meta name=\"description\" content=\"Innovative Alarmtechnologien sorgen f\u00fcr h\u00f6chste Anpassungsf\u00e4higkeit. Individuell. Einfach. Sicher. \u2013 der safe4u Allrounder \u2713\" \/>\n<meta name=\"robots\" content=\"index, follow, max-snippet:-1, max-image-preview:large, max-video-preview:-1\" \/>\n<link rel=\"canonical\" href=\"https:\/\/www.safe4u.de\/?page_id=76\" \/>\n<meta property=\"og:locale\" content=\"de_DE\" \/>\n<meta property=\"og:type\" content=\"article\" \/>\n<meta property=\"og:title\" content=\"Die 365pro+Hybrid \u2013 das neue Alarmsystem von safe4u\" \/>\n<meta property=\"og:description\" content=\"Innovative Alarmtechnologien sorgen f\u00fcr h\u00f6chste Anpassungsf\u00e4higkeit. Individuell. Einfach. Sicher. \u2013 der safe4u Allrounder \u2713\" \/>\n<meta property=\"og:url\" content=\"https:\/\/www.safe4u.de\/?page_id=76\" \/>\n<meta property=\"og:site_name\" content=\"safe4u Alarmanlagen\" \/>\n<meta property=\"article:modified_time\" content=\"2022-03-07T16:30:48+00:00\" \/>\n<meta property=\"og:image\" content=\"https:\/\/www.safe4u.de\/wp-content\/uploads\/2020\/08\/Foto-Alarmanlage-Paket-.jpg\" \/>\n\t<meta property=\"og:image:width\" content=\"786\" \/>\n\t<meta property=\"og:image:height\" content=\"541\" \/>\n\t<meta property=\"og:image:type\" content=\"image\/jpeg\" \/>\n<meta name=\"twitter:card\" content=\"summary_large_image\" \/>\n<meta name=\"twitter:label1\" content=\"Gesch\u00e4tzte Lesezeit\" \/>\n\t<meta name=\"twitter:data1\" content=\"10\u00a0Minuten\" \/>\n<script type=\"application\/ld+json\" class=\"yoast-schema-graph\">{\"@context\":\"https:\\\/\\\/schema.org\",\"@graph\":[{\"@type\":\"WebPage\",\"@id\":\"https:\\\/\\\/www.safe4u.de\\\/?page_id=76\",\"url\":\"https:\\\/\\\/www.safe4u.de\\\/?page_id=76\",\"name\":\"Die 365pro+Hybrid \u2013 das neue Alarmsystem von safe4u\",\"isPartOf\":{\"@id\":\"https:\\\/\\\/www.safe4u.de\\\/#website\"},\"primaryImageOfPage\":{\"@id\":\"https:\\\/\\\/www.safe4u.de\\\/?page_id=76#primaryimage\"},\"image\":{\"@id\":\"https:\\\/\\\/www.safe4u.de\\\/?page_id=76#primaryimage\"},\"thumbnailUrl\":\"https:\\\/\\\/www.safe4u.de\\\/wp-content\\\/uploads\\\/2020\\\/08\\\/Foto-Alarmanlage-Paket-.jpg\",\"datePublished\":\"2020-07-21T15:09:34+00:00\",\"dateModified\":\"2022-03-07T16:30:48+00:00\",\"description\":\"Innovative Alarmtechnologien sorgen f\u00fcr h\u00f6chste Anpassungsf\u00e4higkeit. Individuell. Einfach. Sicher. \u2013 der safe4u Allrounder \u2713\",\"breadcrumb\":{\"@id\":\"https:\\\/\\\/www.safe4u.de\\\/?page_id=76#breadcrumb\"},\"inLanguage\":\"de\",\"potentialAction\":[{\"@type\":\"ReadAction\",\"target\":[\"https:\\\/\\\/www.safe4u.de\\\/?page_id=76\"]}]},{\"@type\":\"ImageObject\",\"inLanguage\":\"de\",\"@id\":\"https:\\\/\\\/www.safe4u.de\\\/?page_id=76#primaryimage\",\"url\":\"https:\\\/\\\/www.safe4u.de\\\/wp-content\\\/uploads\\\/2020\\\/08\\\/Foto-Alarmanlage-Paket-.jpg\",\"contentUrl\":\"https:\\\/\\\/www.safe4u.de\\\/wp-content\\\/uploads\\\/2020\\\/08\\\/Foto-Alarmanlage-Paket-.jpg\",\"width\":786,\"height\":541},{\"@type\":\"BreadcrumbList\",\"@id\":\"https:\\\/\\\/www.safe4u.de\\\/?page_id=76#breadcrumb\",\"itemListElement\":[{\"@type\":\"ListItem\",\"position\":1,\"name\":\"Home\",\"item\":\"https:\\\/\\\/www.safe4u.de\\\/\"},{\"@type\":\"ListItem\",\"position\":2,\"name\":\"Unsere 365pro+Hybrid\"}]},{\"@type\":\"WebSite\",\"@id\":\"https:\\\/\\\/www.safe4u.de\\\/#website\",\"url\":\"https:\\\/\\\/www.safe4u.de\\\/\",\"name\":\"safe4u Alarmanlagen\",\"description\":\"Sch\u00fctzen Sie Ihr Zuhause kosteng\u00fcnstig, effektiv und zuverl\u00e4ssig mit einer Alarmanlage von safe4u\",\"potentialAction\":[{\"@type\":\"SearchAction\",\"target\":{\"@type\":\"EntryPoint\",\"urlTemplate\":\"https:\\\/\\\/www.safe4u.de\\\/?s={search_term_string}\"},\"query-input\":{\"@type\":\"PropertyValueSpecification\",\"valueRequired\":true,\"valueName\":\"search_term_string\"}}],\"inLanguage\":\"de\"}]}<\/script>\n<!-- \/ Yoast SEO plugin. -->","yoast_head_json":{"title":"Die 365pro+Hybrid \u2013 das neue Alarmsystem von safe4u","description":"Innovative Alarmtechnologien sorgen f\u00fcr h\u00f6chste Anpassungsf\u00e4higkeit. Individuell. Einfach. Sicher. \u2013 der safe4u Allrounder \u2713","robots":{"index":"index","follow":"follow","max-snippet":"max-snippet:-1","max-image-preview":"max-image-preview:large","max-video-preview":"max-video-preview:-1"},"canonical":"https:\/\/www.safe4u.de\/?page_id=76","og_locale":"de_DE","og_type":"article","og_title":"Die 365pro+Hybrid \u2013 das neue Alarmsystem von safe4u","og_description":"Innovative Alarmtechnologien sorgen f\u00fcr h\u00f6chste Anpassungsf\u00e4higkeit. Individuell. Einfach. Sicher. \u2013 der safe4u Allrounder \u2713","og_url":"https:\/\/www.safe4u.de\/?page_id=76","og_site_name":"safe4u Alarmanlagen","article_modified_time":"2022-03-07T16:30:48+00:00","og_image":[{"width":786,"height":541,"url":"https:\/\/www.safe4u.de\/wp-content\/uploads\/2020\/08\/Foto-Alarmanlage-Paket-.jpg","type":"image\/jpeg"}],"twitter_card":"summary_large_image","twitter_misc":{"Gesch\u00e4tzte Lesezeit":"10\u00a0Minuten"},"schema":{"@context":"https:\/\/schema.org","@graph":[{"@type":"WebPage","@id":"https:\/\/www.safe4u.de\/?page_id=76","url":"https:\/\/www.safe4u.de\/?page_id=76","name":"Die 365pro+Hybrid \u2013 das neue Alarmsystem von safe4u","isPartOf":{"@id":"https:\/\/www.safe4u.de\/#website"},"primaryImageOfPage":{"@id":"https:\/\/www.safe4u.de\/?page_id=76#primaryimage"},"image":{"@id":"https:\/\/www.safe4u.de\/?page_id=76#primaryimage"},"thumbnailUrl":"https:\/\/www.safe4u.de\/wp-content\/uploads\/2020\/08\/Foto-Alarmanlage-Paket-.jpg","datePublished":"2020-07-21T15:09:34+00:00","dateModified":"2022-03-07T16:30:48+00:00","description":"Innovative Alarmtechnologien sorgen f\u00fcr h\u00f6chste Anpassungsf\u00e4higkeit. Individuell. Einfach. Sicher. \u2013 der safe4u Allrounder \u2713","breadcrumb":{"@id":"https:\/\/www.safe4u.de\/?page_id=76#breadcrumb"},"inLanguage":"de","potentialAction":[{"@type":"ReadAction","target":["https:\/\/www.safe4u.de\/?page_id=76"]}]},{"@type":"ImageObject","inLanguage":"de","@id":"https:\/\/www.safe4u.de\/?page_id=76#primaryimage","url":"https:\/\/www.safe4u.de\/wp-content\/uploads\/2020\/08\/Foto-Alarmanlage-Paket-.jpg","contentUrl":"https:\/\/www.safe4u.de\/wp-content\/uploads\/2020\/08\/Foto-Alarmanlage-Paket-.jpg","width":786,"height":541},{"@type":"BreadcrumbList","@id":"https:\/\/www.safe4u.de\/?page_id=76#breadcrumb","itemListElement":[{"@type":"ListItem","position":1,"name":"Home","item":"https:\/\/www.safe4u.de\/"},{"@type":"ListItem","position":2,"name":"Unsere 365pro+Hybrid"}]},{"@type":"WebSite","@id":"https:\/\/www.safe4u.de\/#website","url":"https:\/\/www.safe4u.de\/","name":"safe4u Alarmanlagen","description":"Sch\u00fctzen Sie Ihr Zuhause kosteng\u00fcnstig, effektiv und zuverl\u00e4ssig mit einer Alarmanlage von safe4u","potentialAction":[{"@type":"SearchAction","target":{"@type":"EntryPoint","urlTemplate":"https:\/\/www.safe4u.de\/?s={search_term_string}"},"query-input":{"@type":"PropertyValueSpecification","valueRequired":true,"valueName":"search_term_string"}}],"inLanguage":"de"}]}},"_links":{"self":[{"href":"https:\/\/www.safe4u.de\/index.php?rest_route=\/wp\/v2\/pages\/76","targetHints":{"allow":["GET"]}}],"collection":[{"href":"https:\/\/www.safe4u.de\/index.php?rest_route=\/wp\/v2\/pages"}],"about":[{"href":"https:\/\/www.safe4u.de\/index.php?rest_route=\/wp\/v2\/types\/page"}],"author":[{"embeddable":true,"href":"https:\/\/www.safe4u.de\/index.php?rest_route=\/wp\/v2\/users\/1"}],"replies":[{"embeddable":true,"href":"https:\/\/www.safe4u.de\/index.php?rest_route=%2Fwp%2Fv2%2Fcomments&post=76"}],"version-history":[{"count":145,"href":"https:\/\/www.safe4u.de\/index.php?rest_route=\/wp\/v2\/pages\/76\/revisions"}],"predecessor-version":[{"id":1041,"href":"https:\/\/www.safe4u.de\/index.php?rest_route=\/wp\/v2\/pages\/76\/revisions\/1041"}],"wp:featuredmedia":[{"embeddable":true,"href":"https:\/\/www.safe4u.de\/index.php?rest_route=\/wp\/v2\/media\/573"}],"wp:attachment":[{"href":"https:\/\/www.safe4u.de\/index.php?rest_route=%2Fwp%2Fv2%2Fmedia&parent=76"}],"curies":[{"name":"wp","href":"https:\/\/api.w.org\/{rel}","templated":true}]}}