{"id":80,"date":"2020-07-21T15:10:03","date_gmt":"2020-07-21T15:10:03","guid":{"rendered":"https:\/\/safe4u.de\/?page_id=80"},"modified":"2021-01-22T10:27:12","modified_gmt":"2021-01-22T10:27:12","slug":"sicherheitscheck-zuhause","status":"publish","type":"page","link":"https:\/\/www.safe4u.de\/?page_id=80","title":{"rendered":"Sicherheitscheck f\u00fcr Ihr Zuhause"},"content":{"rendered":"<div id=\"cs-content\" class=\"cs-content\"><\/div>\n","protected":false},"excerpt":{"rendered":"<p>Unser Sicherheitscheck wird sofern m\u00f6glich unter den aktuellen Corona-Auflagen durchgef\u00fchrt. Alternativ k\u00f6nnen Sie unsere Anlage auch an einem unserer St\u00fctzpunkte live erleben. Wie sicher ist Ihr Geb\u00e4ude? Wie sicher ist Ihr Geb\u00e4ude? Machen Sie jetzt den Sicherheitscheck mit unserem Fachberater unverbindlich &#038; sicher Hinterlassen Sie Ihre Kontaktdaten. Unsere Experten rufen Sie an: Ihr Name* Ihre Telefonnummer* Wann sind Sie gut &#8230; <\/p>\n<div><a href=\"https:\/\/www.safe4u.de\/?page_id=80\" class=\"more-link\">Read More<\/a><\/div>\n","protected":false},"author":1,"featured_media":0,"parent":0,"menu_order":0,"comment_status":"closed","ping_status":"closed","template":"template-blank-4.php","meta":{"footnotes":""},"class_list":["post-80","page","type-page","status-publish","hentry","no-post-thumbnail"],"yoast_head":"<!-- This site is optimized with the Yoast SEO plugin v27.4 - https:\/\/yoast.com\/product\/yoast-seo-wordpress\/ -->\n<title>Sicherheitscheck f\u00fcr Ihr Zuhause \u2013 safe4u Alarmanlagen<\/title>\n<meta name=\"description\" content=\"Wie sicher ist Ihr Geb\u00e4ude? Machen Sie jetzt den Sicherheitscheck mit unserem Fachberater. Unverbindlich \u2713Kostenfrei \u2713 Sicher \u2713\" \/>\n<meta name=\"robots\" content=\"index, follow, max-snippet:-1, max-image-preview:large, max-video-preview:-1\" \/>\n<link rel=\"canonical\" href=\"https:\/\/www.safe4u.de\/?page_id=80\" \/>\n<meta property=\"og:locale\" content=\"de_DE\" \/>\n<meta property=\"og:type\" content=\"article\" \/>\n<meta property=\"og:title\" content=\"Sicherheitscheck f\u00fcr Ihr Zuhause \u2013 safe4u Alarmanlagen\" \/>\n<meta property=\"og:description\" content=\"Wie sicher ist Ihr Geb\u00e4ude? Machen Sie jetzt den Sicherheitscheck mit unserem Fachberater. Unverbindlich \u2713Kostenfrei \u2713 Sicher \u2713\" \/>\n<meta property=\"og:url\" content=\"https:\/\/www.safe4u.de\/?page_id=80\" \/>\n<meta property=\"og:site_name\" content=\"safe4u Alarmanlagen\" \/>\n<meta property=\"article:modified_time\" content=\"2021-01-22T10:27:12+00:00\" \/>\n<meta property=\"og:image\" content=\"https:\/\/www.safe4u.de\/wp-content\/uploads\/2020\/08\/Depositphotos_32856403_l-2015.jpg\" \/>\n<meta name=\"twitter:card\" content=\"summary_large_image\" \/>\n<meta name=\"twitter:label1\" content=\"Gesch\u00e4tzte Lesezeit\" \/>\n\t<meta name=\"twitter:data1\" content=\"3\u00a0Minuten\" \/>\n<script type=\"application\/ld+json\" class=\"yoast-schema-graph\">{\"@context\":\"https:\\\/\\\/schema.org\",\"@graph\":[{\"@type\":\"WebPage\",\"@id\":\"https:\\\/\\\/www.safe4u.de\\\/?page_id=80\",\"url\":\"https:\\\/\\\/www.safe4u.de\\\/?page_id=80\",\"name\":\"Sicherheitscheck f\u00fcr Ihr Zuhause \u2013 safe4u Alarmanlagen\",\"isPartOf\":{\"@id\":\"https:\\\/\\\/www.safe4u.de\\\/#website\"},\"primaryImageOfPage\":{\"@id\":\"https:\\\/\\\/www.safe4u.de\\\/?page_id=80#primaryimage\"},\"image\":{\"@id\":\"https:\\\/\\\/www.safe4u.de\\\/?page_id=80#primaryimage\"},\"thumbnailUrl\":\"https:\\\/\\\/www.safe4u.de\\\/wp-content\\\/uploads\\\/2020\\\/08\\\/Depositphotos_32856403_l-2015.jpg\",\"datePublished\":\"2020-07-21T15:10:03+00:00\",\"dateModified\":\"2021-01-22T10:27:12+00:00\",\"description\":\"Wie sicher ist Ihr Geb\u00e4ude? Machen Sie jetzt den Sicherheitscheck mit unserem Fachberater. Unverbindlich \u2713Kostenfrei \u2713 Sicher \u2713\",\"breadcrumb\":{\"@id\":\"https:\\\/\\\/www.safe4u.de\\\/?page_id=80#breadcrumb\"},\"inLanguage\":\"de\",\"potentialAction\":[{\"@type\":\"ReadAction\",\"target\":[\"https:\\\/\\\/www.safe4u.de\\\/?page_id=80\"]}]},{\"@type\":\"ImageObject\",\"inLanguage\":\"de\",\"@id\":\"https:\\\/\\\/www.safe4u.de\\\/?page_id=80#primaryimage\",\"url\":\"https:\\\/\\\/www.safe4u.de\\\/wp-content\\\/uploads\\\/2020\\\/08\\\/Depositphotos_32856403_l-2015.jpg\",\"contentUrl\":\"https:\\\/\\\/www.safe4u.de\\\/wp-content\\\/uploads\\\/2020\\\/08\\\/Depositphotos_32856403_l-2015.jpg\",\"width\":2000,\"height\":1331,\"caption\":\"Big modern house\"},{\"@type\":\"BreadcrumbList\",\"@id\":\"https:\\\/\\\/www.safe4u.de\\\/?page_id=80#breadcrumb\",\"itemListElement\":[{\"@type\":\"ListItem\",\"position\":1,\"name\":\"Home\",\"item\":\"https:\\\/\\\/www.safe4u.de\\\/\"},{\"@type\":\"ListItem\",\"position\":2,\"name\":\"Sicherheitscheck f\u00fcr Ihr Zuhause\"}]},{\"@type\":\"WebSite\",\"@id\":\"https:\\\/\\\/www.safe4u.de\\\/#website\",\"url\":\"https:\\\/\\\/www.safe4u.de\\\/\",\"name\":\"safe4u Alarmanlagen\",\"description\":\"Sch\u00fctzen Sie Ihr Zuhause kosteng\u00fcnstig, effektiv und zuverl\u00e4ssig mit einer Alarmanlage von safe4u\",\"potentialAction\":[{\"@type\":\"SearchAction\",\"target\":{\"@type\":\"EntryPoint\",\"urlTemplate\":\"https:\\\/\\\/www.safe4u.de\\\/?s={search_term_string}\"},\"query-input\":{\"@type\":\"PropertyValueSpecification\",\"valueRequired\":true,\"valueName\":\"search_term_string\"}}],\"inLanguage\":\"de\"}]}<\/script>\n<!-- \/ Yoast SEO plugin. -->","yoast_head_json":{"title":"Sicherheitscheck f\u00fcr Ihr Zuhause \u2013 safe4u Alarmanlagen","description":"Wie sicher ist Ihr Geb\u00e4ude? Machen Sie jetzt den Sicherheitscheck mit unserem Fachberater. Unverbindlich \u2713Kostenfrei \u2713 Sicher \u2713","robots":{"index":"index","follow":"follow","max-snippet":"max-snippet:-1","max-image-preview":"max-image-preview:large","max-video-preview":"max-video-preview:-1"},"canonical":"https:\/\/www.safe4u.de\/?page_id=80","og_locale":"de_DE","og_type":"article","og_title":"Sicherheitscheck f\u00fcr Ihr Zuhause \u2013 safe4u Alarmanlagen","og_description":"Wie sicher ist Ihr Geb\u00e4ude? Machen Sie jetzt den Sicherheitscheck mit unserem Fachberater. Unverbindlich \u2713Kostenfrei \u2713 Sicher \u2713","og_url":"https:\/\/www.safe4u.de\/?page_id=80","og_site_name":"safe4u Alarmanlagen","article_modified_time":"2021-01-22T10:27:12+00:00","og_image":[{"url":"https:\/\/www.safe4u.de\/wp-content\/uploads\/2020\/08\/Depositphotos_32856403_l-2015.jpg","type":"","width":"","height":""}],"twitter_card":"summary_large_image","twitter_misc":{"Gesch\u00e4tzte Lesezeit":"3\u00a0Minuten"},"schema":{"@context":"https:\/\/schema.org","@graph":[{"@type":"WebPage","@id":"https:\/\/www.safe4u.de\/?page_id=80","url":"https:\/\/www.safe4u.de\/?page_id=80","name":"Sicherheitscheck f\u00fcr Ihr Zuhause \u2013 safe4u Alarmanlagen","isPartOf":{"@id":"https:\/\/www.safe4u.de\/#website"},"primaryImageOfPage":{"@id":"https:\/\/www.safe4u.de\/?page_id=80#primaryimage"},"image":{"@id":"https:\/\/www.safe4u.de\/?page_id=80#primaryimage"},"thumbnailUrl":"https:\/\/www.safe4u.de\/wp-content\/uploads\/2020\/08\/Depositphotos_32856403_l-2015.jpg","datePublished":"2020-07-21T15:10:03+00:00","dateModified":"2021-01-22T10:27:12+00:00","description":"Wie sicher ist Ihr Geb\u00e4ude? Machen Sie jetzt den Sicherheitscheck mit unserem Fachberater. Unverbindlich \u2713Kostenfrei \u2713 Sicher \u2713","breadcrumb":{"@id":"https:\/\/www.safe4u.de\/?page_id=80#breadcrumb"},"inLanguage":"de","potentialAction":[{"@type":"ReadAction","target":["https:\/\/www.safe4u.de\/?page_id=80"]}]},{"@type":"ImageObject","inLanguage":"de","@id":"https:\/\/www.safe4u.de\/?page_id=80#primaryimage","url":"https:\/\/www.safe4u.de\/wp-content\/uploads\/2020\/08\/Depositphotos_32856403_l-2015.jpg","contentUrl":"https:\/\/www.safe4u.de\/wp-content\/uploads\/2020\/08\/Depositphotos_32856403_l-2015.jpg","width":2000,"height":1331,"caption":"Big modern house"},{"@type":"BreadcrumbList","@id":"https:\/\/www.safe4u.de\/?page_id=80#breadcrumb","itemListElement":[{"@type":"ListItem","position":1,"name":"Home","item":"https:\/\/www.safe4u.de\/"},{"@type":"ListItem","position":2,"name":"Sicherheitscheck f\u00fcr Ihr Zuhause"}]},{"@type":"WebSite","@id":"https:\/\/www.safe4u.de\/#website","url":"https:\/\/www.safe4u.de\/","name":"safe4u Alarmanlagen","description":"Sch\u00fctzen Sie Ihr Zuhause kosteng\u00fcnstig, effektiv und zuverl\u00e4ssig mit einer Alarmanlage von safe4u","potentialAction":[{"@type":"SearchAction","target":{"@type":"EntryPoint","urlTemplate":"https:\/\/www.safe4u.de\/?s={search_term_string}"},"query-input":{"@type":"PropertyValueSpecification","valueRequired":true,"valueName":"search_term_string"}}],"inLanguage":"de"}]}},"_links":{"self":[{"href":"https:\/\/www.safe4u.de\/index.php?rest_route=\/wp\/v2\/pages\/80","targetHints":{"allow":["GET"]}}],"collection":[{"href":"https:\/\/www.safe4u.de\/index.php?rest_route=\/wp\/v2\/pages"}],"about":[{"href":"https:\/\/www.safe4u.de\/index.php?rest_route=\/wp\/v2\/types\/page"}],"author":[{"embeddable":true,"href":"https:\/\/www.safe4u.de\/index.php?rest_route=\/wp\/v2\/users\/1"}],"replies":[{"embeddable":true,"href":"https:\/\/www.safe4u.de\/index.php?rest_route=%2Fwp%2Fv2%2Fcomments&post=80"}],"version-history":[{"count":55,"href":"https:\/\/www.safe4u.de\/index.php?rest_route=\/wp\/v2\/pages\/80\/revisions"}],"predecessor-version":[{"id":838,"href":"https:\/\/www.safe4u.de\/index.php?rest_route=\/wp\/v2\/pages\/80\/revisions\/838"}],"wp:attachment":[{"href":"https:\/\/www.safe4u.de\/index.php?rest_route=%2Fwp%2Fv2%2Fmedia&parent=80"}],"curies":[{"name":"wp","href":"https:\/\/api.w.org\/{rel}","templated":true}]}}