{"id":82,"date":"2020-07-21T15:10:15","date_gmt":"2020-07-21T15:10:15","guid":{"rendered":"https:\/\/safe4u.de\/?page_id=82"},"modified":"2024-01-15T09:22:38","modified_gmt":"2024-01-15T09:22:38","slug":"ueber-safe4u","status":"publish","type":"page","link":"https:\/\/www.safe4u.de\/?page_id=82","title":{"rendered":"\u00dcber safe4u"},"content":{"rendered":"<div id=\"cs-content\" class=\"cs-content\"><div class=\"x-section e82-e1 m2a-0 m2a-1\"><div class=\"x-bg\" aria-hidden=\"true\"><div class=\"x-bg-layer-lower-image\" style=\" background-image: url(https:\/\/www.safe4u.de\/wp-content\/uploads\/2020\/07\/Teambild-KHSecurity.jpg); background-repeat: no-repeat; background-position: center; background-size: cover;\"><\/div><div class=\"x-bg-layer-upper-color\" style=\" background-color: rgb(220, 13, 25, 0.65);\"><\/div><\/div><div class=\"x-row x-container max width e82-e2 m2a-4 m2a-5 m2a-6 m2a-7 m2a-8 m2a-9 m2a-a m2a-h m2a-i\"><div class=\"x-row-inner\"><div class=\"x-col e82-e3 m2a-p m2a-q m2a-r m2a-s\"><div class=\"x-text x-text-headline e82-e4 m2a-v m2a-w m2a-x m2a-y m2a-z m2a-10 m2a-11\"><div class=\"x-text-content\"><div class=\"x-text-content-text\"><h1 class=\"x-text-content-text-primary\">Mittelst\u00e4ndisches Familienunternehmen.<\/h1>\n<\/div><\/div><\/div><div class=\"x-text x-text-headline e82-e5 m2a-v m2a-w m2a-x m2a-y m2a-10 m2a-11 m2a-12\"><div class=\"x-text-content\"><div class=\"x-text-content-text\"><h2 class=\"x-text-content-text-primary\">Seit 1990 Ihr Partner in Sicherheitsfragen<\/h2>\n<\/div><\/div><\/div><div class=\"x-text x-text-headline e82-e6 m2a-w m2a-x m2a-11 m2a-12 m2a-13 m2a-14 m2a-15\"><div class=\"x-text-content\"><div class=\"x-text-content-text\"><p class=\"x-text-content-text-primary\">Qualit\u00e4t, Ehrlichkeit, Transparenz, Zuverl\u00e4ssigkeit, Vertrauen<\/p>\n<\/div><\/div><\/div><\/div><\/div><\/div><\/div><div class=\"x-section e82-e7 m2a-0 m2a-2\"><div class=\"x-row x-container max width e82-e8 m2a-4 m2a-5 m2a-6 m2a-8 m2a-a m2a-b m2a-h m2a-j\"><div class=\"x-row-inner\"><div class=\"x-col e82-e9 m2a-p m2a-r m2a-s m2a-t\"><div class=\"x-text x-text-headline e82-e10 m2a-w m2a-x m2a-10 m2a-12 m2a-14 m2a-15 m2a-16 m2a-17 m2a-18\"><div class=\"x-text-content\"><div class=\"x-text-content-text\"><h2 class=\"x-text-content-text-primary\">Innovatives Familienunternehmen<\/h2>\n<\/div><\/div><\/div><div class=\"x-text x-content e82-e11 m2a-1a m2a-1b\">Das Familienunternehmen safe4u Alarmanlagen in Heidenrod wurde 2015 von den Sicherheitsprofis Beate und Klaus Hoffmann gegr\u00fcndet, welche mit kh-security bereits Jahrzehnte in der Sicherheitsbranche t\u00e4tig sind.\n<br><br>\nIm Direktvertrieb sehen sie die M\u00f6glichkeit, dem Kunden beim Alarmanlagenkauf eine pers\u00f6nliche und qualitative Beratung und Pr\u00e4sentation am eigenen Objekt zu erm\u00f6glichen - noch bevor der Kunde sich zum Kauf entschieden hat.\n<br><br>\nIhr Ziel ist es, die Werte von mittelst\u00e4ndischen Familienunternehmen mit dem Blick f\u00fcr Innovation und zukunftstr\u00e4chtige\u00a0Sicherheitstechnologie zu vereinen.<\/div><\/div><div class=\"x-col e82-e12 m2a-r m2a-u img-wrapper\"><span class=\"x-image e82-e13 m2a-1d m2a-1e m2a-1f inner-img\"><img decoding=\"async\" src=\"https:\/\/www.safe4u.de\/wp-content\/uploads\/2020\/08\/khhz-365proHybrid.jpg\" width=\"1275\" height=\"921\" alt=\"Image\" loading=\"lazy\"><\/span><\/div><\/div><\/div><div class=\"x-row x-container max width e82-e14 m2a-4 m2a-6 m2a-8 m2a-a m2a-b m2a-c m2a-h m2a-k\"><div class=\"x-row-inner\"><div class=\"x-col e82-e15 m2a-r m2a-u img-wrapper\"><span class=\"x-image e82-e16 m2a-1d m2a-1f m2a-1g inner-img\"><img decoding=\"async\" src=\"https:\/\/www.safe4u.de\/wp-content\/uploads\/2020\/08\/KH-Foto-Jung.jpg\" width=\"797\" height=\"518\" alt=\"Image\" loading=\"lazy\"><\/span><\/div><div class=\"x-col e82-e17 m2a-p m2a-r m2a-s m2a-t\"><div class=\"x-text x-text-headline e82-e18 m2a-w m2a-x m2a-10 m2a-12 m2a-14 m2a-15 m2a-16 m2a-17 m2a-18\"><div class=\"x-text-content\"><div class=\"x-text-content-text\"><h2 class=\"x-text-content-text-primary\">\u00dcber 30 Jahre Erfahrung spricht f\u00fcr sich<\/h2>\n<\/div><\/div><\/div><div class=\"x-text x-content e82-e19 m2a-1a m2a-1b\"><p><span>Bereits in fr\u00fchen Kindheitstagen hat Klaus Hoffmann seine Leidenschaft f\u00fcr Vertrieb und den Umgang mit Kunden entdeckt und hat den Betrieb seines Vaters unterst\u00fctzt. Dort ist er mit zu Kundenbesuchen gegangen und hat Messentermine begleitet, bis er sich mit Mitte 20 dann selbstst\u00e4ndig machte: Als Gro\u00dfh\u00e4ndler f\u00fcr Sicherheitsprodukte.<\/span><br \/>\n<br \/>\n<span>Seit \u00fcber 30 Jahren besch\u00e4ftigt sich Klaus Hoffmann mit dem Schutz vor Einbruch und der Sicherheit f\u00fcr unterwegs. Er sucht immer nach effizienten und innovativen Ans\u00e4tzen, um Deutschland sicherer zu machen.<\/span><\/p><\/div><\/div><\/div><\/div><div class=\"x-row x-container max width e82-e20 m2a-4 m2a-5 m2a-6 m2a-8 m2a-a m2a-b m2a-h m2a-l\"><div class=\"x-row-inner\"><div class=\"x-col e82-e21 m2a-p m2a-r m2a-s m2a-t\"><div class=\"x-text x-text-headline e82-e22 m2a-w m2a-x m2a-10 m2a-12 m2a-14 m2a-15 m2a-16 m2a-17 m2a-18\"><div class=\"x-text-content\"><div class=\"x-text-content-text\"><h2 class=\"x-text-content-text-primary\">Erfolgreich im Team: Alleine geht es nicht<\/h2>\n<\/div><\/div><\/div><div class=\"x-text x-content e82-e23 m2a-1a m2a-1b\"><p><span>Der Erfolg von safe4u basiert auf der starken Zusammenarbeit des Teams in Heidenrod, gemeinsam mit dem Netzwerk aus Fachberatern im gesamten DACH Gebiet. \u00dcber die t\u00e4glichen Betriebsgespr\u00e4che hinaus, ist es den Eheleute Hoffmann wichtig auch den pers\u00f6nlichen Austausch zu pflegen.<\/span><br \/>\n<br \/>\n<span>Neben<\/span><span class=\"aax\">\u00a0<span>\u00a0<\/span><\/span><span>w\u00f6chentlichen Trainings in den St\u00fctzpunkten werden also<\/span><span class=\"aax\">\u00a0<span>\u00a0<\/span><\/span><span>unterschiedlichen Events kommen alle Mitarbeiter zusammen und es wird immer wieder deutlich: Dort entstehen die besten Ideen!<\/span><\/p><\/div><\/div><div class=\"x-col e82-e24 m2a-r m2a-u img-wrapper\"><span class=\"x-image e82-e25 m2a-1d m2a-1e m2a-1f inner-img\"><img decoding=\"async\" src=\"https:\/\/www.safe4u.de\/wp-content\/uploads\/2020\/08\/Teamcollage.png\" width=\"960\" height=\"540\" alt=\"Image\" loading=\"lazy\"><\/span><\/div><\/div><\/div><div class=\"x-row x-container max width e82-e26 m2a-4 m2a-5 m2a-9 m2a-a m2a-d m2a-e m2a-m\"><div class=\"x-row-inner\"><div class=\"x-col e82-e27 m2a-r m2a-s\"><blockquote class=\"x-quote e82-e28 m2a-1i\"><span class=\"x-graphic x-quote-mark-opening\" aria-hidden=\"true\"><i class=\"x-icon x-graphic-child x-graphic-icon x-graphic-primary\" aria-hidden=\"true\" data-x-icon-s=\"&#xf10d;\"><\/i><\/span><div class=\"x-quote-content\"><div class=\"x-quote-text\">Wir sind stolz auf unser Team und deren unerm\u00fcdlichen Einsatz, der die DACH Region jeden Tag sicherer macht.<\/div><\/div><span class=\"x-graphic x-quote-mark-closing\" aria-hidden=\"true\"><i class=\"x-icon x-graphic-child x-graphic-icon x-graphic-primary\" aria-hidden=\"true\" data-x-icon-s=\"&#xf10e;\"><\/i><\/span><\/blockquote><div class=\"x-text x-content e82-e29 m2a-1b m2a-1c\"><p>&ndash; Klaus Hoffmann<\/p><\/div><\/div><\/div><\/div><\/div><div class=\"x-section e82-e30 m2a-0 m2a-2 m2a-3\"><div class=\"x-row x-container max width e82-e31 m2a-4 m2a-5 m2a-6 m2a-7 m2a-9 m2a-a m2a-f m2a-n\"><div class=\"x-row-inner\"><div class=\"x-col e82-e32 m2a-p m2a-q m2a-r m2a-s\"><div class=\"x-text x-text-headline e82-e33 m2a-w m2a-x m2a-y m2a-10 m2a-12 m2a-14 m2a-16 m2a-18\"><div class=\"x-text-content\"><div class=\"x-text-content-text\"><h2 class=\"x-text-content-text-primary\">Unser Team<\/h2>\n<\/div><\/div><\/div><\/div><\/div><\/div><div class=\"x-row x-container max width e82-e34 m2a-4 m2a-5 m2a-e m2a-g m2a-o\"><div class=\"x-row-inner\"><div class=\"x-col e82-e35 m2a-r m2a-u img-wrapper\"><span class=\"x-image e82-e36 m2a-1d m2a-1h inner-img\"><img decoding=\"async\" src=\"https:\/\/www.safe4u.de\/wp-content\/uploads\/2020\/08\/KH-square.jpg\" width=\"480\" height=\"480\" alt=\"Image\" loading=\"lazy\"><\/span><div class=\"x-text x-text-headline e82-e37 m2a-v m2a-w m2a-10 m2a-15 m2a-17 m2a-18 m2a-19\"><div class=\"x-text-content\"><div class=\"x-text-content-text\"><h3 class=\"x-text-content-text-primary\">Klaus Hoffmann<\/h3>\n<\/div><\/div><\/div><div class=\"x-text x-content e82-e38 m2a-1a m2a-1b\">Gesch\u00e4ftsf\u00fchrer der Firma safe4u, hat einen klaren Fokus auf das Thema Vertrieb und Kommunikation, intern sowie extern. Dabei legt er immer gro\u00dfen Wert auf einen engen Austausch mit dem Vertriebsteam, um die N\u00e4he zum Kunden sicherzustellen.\n\n<br><br>\n<a href=\"mailto:info@safe4u.de\">info@safe4u.de<\/a><\/div><\/div><div class=\"x-col e82-e39 m2a-r m2a-s\"><span class=\"x-image e82-e40 m2a-1d m2a-1h inner-img\"><img decoding=\"async\" src=\"https:\/\/www.safe4u.de\/wp-content\/uploads\/2020\/07\/Sandra.jpg\" width=\"960\" height=\"960\" alt=\"Image\" loading=\"lazy\"><\/span><div class=\"x-text x-text-headline e82-e41 m2a-v m2a-w m2a-10 m2a-15 m2a-17 m2a-18 m2a-19\"><div class=\"x-text-content\"><div class=\"x-text-content-text\"><h3 class=\"x-text-content-text-primary\">Stefanie Ritterbusch<\/h3>\n<\/div><\/div><\/div><div class=\"x-text x-content e82-e42 m2a-1a m2a-1b\">Assistentin der Gesch\u00e4ftsleitung, hat bereits seit vielen Jahren Erfahrung im Bereich Haussicherheit. F\u00fcr administrative Fragen im Vertrieb sowie Personalthemen ist sie zust\u00e4ndig und regelt die Auftragsverwaltung und das Vertriebspartnermanagement.\n<br><br>\n<a href=\"mailto:stefanie.ritterbusch@safe4u.de\">stefanie.ritterbusch@safe4u.de<\/a><\/div><\/div><div class=\"x-col e82-e43 m2a-r m2a-s\"><span class=\"x-image e82-e44 m2a-1d m2a-1h inner-img\"><img decoding=\"async\" src=\"https:\/\/www.safe4u.de\/wp-content\/uploads\/2020\/07\/Technik_MH.jpg\" width=\"960\" height=\"960\" alt=\"Image\" loading=\"lazy\"><\/span><div class=\"x-text x-text-headline e82-e45 m2a-v m2a-w m2a-10 m2a-15 m2a-17 m2a-18 m2a-19\"><div class=\"x-text-content\"><div class=\"x-text-content-text\"><h3 class=\"x-text-content-text-primary\">Michael H&ouml;lzer<\/h3>\n<\/div><\/div><\/div><div class=\"x-text x-content e82-e46 m2a-1a m2a-1b\"><p>Bei Fragen von Kunden oder Vertriebspartnern zur Technik des<br \/>\nSystems hat Michael H\u00f6lzer immer die Antwort parat. Er \u00fcberwacht au\u00dferdem die Konfiguration der Alarmanlagen, bevor sie den Kunden erreichen.<\/p>\n<p><a href=\"mailto:technik@safe4u.de\">technik@safe4u.de<br \/>\n<\/a><\/p><\/div><\/div><div class=\"x-col e82-e47 m2a-r m2a-s\"><span class=\"x-image e82-e48 m2a-1d m2a-1h inner-img\"><img decoding=\"async\" src=\"https:\/\/www.safe4u.de\/wp-content\/uploads\/2020\/07\/Christine-Barth-Laura-Hoffmann.jpg\" width=\"960\" height=\"960\" alt=\"Image\" loading=\"lazy\"><\/span><div class=\"x-text x-text-headline e82-e49 m2a-v m2a-w m2a-10 m2a-15 m2a-17 m2a-18 m2a-19\"><div class=\"x-text-content\"><div class=\"x-text-content-text\"><h3 class=\"x-text-content-text-primary\">Christine Barth & Laura Hoffmann<\/h3>\n<\/div><\/div><\/div><div class=\"x-text x-content e82-e50 m2a-1a m2a-1b\">arbeiten im Team an dem Online Vertrieb sowie der Unternehmenskommunikation sprich u.a. der Website- oder Flyergestaltung und Marketinginitiativen. Christine Barth ist au\u00dferdem f\u00fcr unser Qualit\u00e4tsmanagement zust\u00e4ndig.\n<br><br>\n<a href=\"mailto:christine.barth@safe4u.de\">christine.barth@safe4u.de<\/a><\/div><\/div><div class=\"x-col e82-e51 m2a-r m2a-s\"><span class=\"x-image e82-e52 m2a-1d m2a-1h inner-img\"><img decoding=\"async\" src=\"https:\/\/www.safe4u.de\/wp-content\/uploads\/2020\/07\/Marisa-Kaiser.jpg\" width=\"960\" height=\"960\" alt=\"Image\" loading=\"lazy\"><\/span><div class=\"x-text x-text-headline e82-e53 m2a-v m2a-w m2a-10 m2a-15 m2a-17 m2a-18 m2a-19\"><div class=\"x-text-content\"><div class=\"x-text-content-text\"><h3 class=\"x-text-content-text-primary\">Marisa Kaiser<\/h3>\n<\/div><\/div><\/div><div class=\"x-text x-content e82-e54 m2a-1a m2a-1b\">ist Ihre Ansprechpartnerin f\u00fcr die Buchhaltung und bereits seit ihrer Ausbildung in unserem Betrieb f\u00fcr die Firmen kh-security und safe4u t\u00e4tig. Wenn sie gerade nicht mit Buchungen und Zahlungen besch\u00e4ftigt ist, unterst\u00fctzt sie aktiv die Auftragsbearbeitung.\n\n<br><br>\n<a href=\"mailto:marisa.kaiser@safe4u.de\">marisa.kaiser@safe4u.de<\/a><\/div><\/div><div class=\"x-col e82-e55 m2a-r m2a-s\"><\/div><div class=\"x-col e82-e56 m2a-r m2a-s\"><\/div><\/div><\/div><\/div><\/div>\n","protected":false},"excerpt":{"rendered":"<p>Mittelst\u00e4ndisches Familienunternehmen. Seit 1990 Ihr Partner in Sicherheitsfragen Qualit\u00e4t, Ehrlichkeit, Transparenz, Zuverl\u00e4ssigkeit, Vertrauen Innovatives Familienunternehmen Das Familienunternehmen safe4u Alarmanlagen in Heidenrod wurde 2015 von den Sicherheitsprofis Beate und Klaus Hoffmann gegr\u00fcndet, welche mit kh-security bereits Jahrzehnte in der Sicherheitsbranche t\u00e4tig sind. Im Direktvertrieb sehen sie die M\u00f6glichkeit, dem Kunden beim Alarmanlagenkauf eine pers\u00f6nliche und qualitative Beratung und Pr\u00e4sentation am eigenen &#8230; <\/p>\n<div><a href=\"https:\/\/www.safe4u.de\/?page_id=82\" class=\"more-link\">Read More<\/a><\/div>\n","protected":false},"author":1,"featured_media":0,"parent":0,"menu_order":0,"comment_status":"closed","ping_status":"closed","template":"template-blank-4.php","meta":{"footnotes":""},"class_list":["post-82","page","type-page","status-publish","hentry","no-post-thumbnail"],"yoast_head":"<!-- This site is optimized with the Yoast SEO plugin v27.4 - https:\/\/yoast.com\/product\/yoast-seo-wordpress\/ -->\n<title>safe4u \u2013 Seit 1990 Ihr Partner in Sicherheitsfragen<\/title>\n<meta name=\"description\" content=\"Das Familienunternehmen safe4u Alarmanlagen in Heidenrod wurde 2015 gegr\u00fcndet. Erfahren Sie mehr \u2713\" \/>\n<meta name=\"robots\" content=\"index, follow, max-snippet:-1, max-image-preview:large, max-video-preview:-1\" \/>\n<link rel=\"canonical\" href=\"https:\/\/www.safe4u.de\/?page_id=82\" \/>\n<meta property=\"og:locale\" content=\"de_DE\" \/>\n<meta property=\"og:type\" content=\"article\" \/>\n<meta property=\"og:title\" content=\"safe4u \u2013 Seit 1990 Ihr Partner in Sicherheitsfragen\" \/>\n<meta property=\"og:description\" content=\"Das Familienunternehmen safe4u Alarmanlagen in Heidenrod wurde 2015 gegr\u00fcndet. Erfahren Sie mehr \u2713\" \/>\n<meta property=\"og:url\" content=\"https:\/\/www.safe4u.de\/?page_id=82\" \/>\n<meta property=\"og:site_name\" content=\"safe4u Alarmanlagen\" \/>\n<meta property=\"article:modified_time\" content=\"2024-01-15T09:22:38+00:00\" \/>\n<meta name=\"twitter:card\" content=\"summary_large_image\" \/>\n<meta name=\"twitter:label1\" content=\"Gesch\u00e4tzte Lesezeit\" \/>\n\t<meta name=\"twitter:data1\" content=\"5\u00a0Minuten\" \/>\n<script type=\"application\/ld+json\" class=\"yoast-schema-graph\">{\"@context\":\"https:\\\/\\\/schema.org\",\"@graph\":[{\"@type\":\"WebPage\",\"@id\":\"https:\\\/\\\/www.safe4u.de\\\/?page_id=82\",\"url\":\"https:\\\/\\\/www.safe4u.de\\\/?page_id=82\",\"name\":\"safe4u \u2013 Seit 1990 Ihr Partner in Sicherheitsfragen\",\"isPartOf\":{\"@id\":\"https:\\\/\\\/www.safe4u.de\\\/#website\"},\"datePublished\":\"2020-07-21T15:10:15+00:00\",\"dateModified\":\"2024-01-15T09:22:38+00:00\",\"description\":\"Das Familienunternehmen safe4u Alarmanlagen in Heidenrod wurde 2015 gegr\u00fcndet. Erfahren Sie mehr \u2713\",\"breadcrumb\":{\"@id\":\"https:\\\/\\\/www.safe4u.de\\\/?page_id=82#breadcrumb\"},\"inLanguage\":\"de\",\"potentialAction\":[{\"@type\":\"ReadAction\",\"target\":[\"https:\\\/\\\/www.safe4u.de\\\/?page_id=82\"]}]},{\"@type\":\"BreadcrumbList\",\"@id\":\"https:\\\/\\\/www.safe4u.de\\\/?page_id=82#breadcrumb\",\"itemListElement\":[{\"@type\":\"ListItem\",\"position\":1,\"name\":\"Home\",\"item\":\"https:\\\/\\\/www.safe4u.de\\\/\"},{\"@type\":\"ListItem\",\"position\":2,\"name\":\"\u00dcber safe4u\"}]},{\"@type\":\"WebSite\",\"@id\":\"https:\\\/\\\/www.safe4u.de\\\/#website\",\"url\":\"https:\\\/\\\/www.safe4u.de\\\/\",\"name\":\"safe4u Alarmanlagen\",\"description\":\"Sch\u00fctzen Sie Ihr Zuhause kosteng\u00fcnstig, effektiv und zuverl\u00e4ssig mit einer Alarmanlage von safe4u\",\"potentialAction\":[{\"@type\":\"SearchAction\",\"target\":{\"@type\":\"EntryPoint\",\"urlTemplate\":\"https:\\\/\\\/www.safe4u.de\\\/?s={search_term_string}\"},\"query-input\":{\"@type\":\"PropertyValueSpecification\",\"valueRequired\":true,\"valueName\":\"search_term_string\"}}],\"inLanguage\":\"de\"}]}<\/script>\n<!-- \/ Yoast SEO plugin. -->","yoast_head_json":{"title":"safe4u \u2013 Seit 1990 Ihr Partner in Sicherheitsfragen","description":"Das Familienunternehmen safe4u Alarmanlagen in Heidenrod wurde 2015 gegr\u00fcndet. Erfahren Sie mehr \u2713","robots":{"index":"index","follow":"follow","max-snippet":"max-snippet:-1","max-image-preview":"max-image-preview:large","max-video-preview":"max-video-preview:-1"},"canonical":"https:\/\/www.safe4u.de\/?page_id=82","og_locale":"de_DE","og_type":"article","og_title":"safe4u \u2013 Seit 1990 Ihr Partner in Sicherheitsfragen","og_description":"Das Familienunternehmen safe4u Alarmanlagen in Heidenrod wurde 2015 gegr\u00fcndet. Erfahren Sie mehr \u2713","og_url":"https:\/\/www.safe4u.de\/?page_id=82","og_site_name":"safe4u Alarmanlagen","article_modified_time":"2024-01-15T09:22:38+00:00","twitter_card":"summary_large_image","twitter_misc":{"Gesch\u00e4tzte Lesezeit":"5\u00a0Minuten"},"schema":{"@context":"https:\/\/schema.org","@graph":[{"@type":"WebPage","@id":"https:\/\/www.safe4u.de\/?page_id=82","url":"https:\/\/www.safe4u.de\/?page_id=82","name":"safe4u \u2013 Seit 1990 Ihr Partner in Sicherheitsfragen","isPartOf":{"@id":"https:\/\/www.safe4u.de\/#website"},"datePublished":"2020-07-21T15:10:15+00:00","dateModified":"2024-01-15T09:22:38+00:00","description":"Das Familienunternehmen safe4u Alarmanlagen in Heidenrod wurde 2015 gegr\u00fcndet. Erfahren Sie mehr \u2713","breadcrumb":{"@id":"https:\/\/www.safe4u.de\/?page_id=82#breadcrumb"},"inLanguage":"de","potentialAction":[{"@type":"ReadAction","target":["https:\/\/www.safe4u.de\/?page_id=82"]}]},{"@type":"BreadcrumbList","@id":"https:\/\/www.safe4u.de\/?page_id=82#breadcrumb","itemListElement":[{"@type":"ListItem","position":1,"name":"Home","item":"https:\/\/www.safe4u.de\/"},{"@type":"ListItem","position":2,"name":"\u00dcber safe4u"}]},{"@type":"WebSite","@id":"https:\/\/www.safe4u.de\/#website","url":"https:\/\/www.safe4u.de\/","name":"safe4u Alarmanlagen","description":"Sch\u00fctzen Sie Ihr Zuhause kosteng\u00fcnstig, effektiv und zuverl\u00e4ssig mit einer Alarmanlage von safe4u","potentialAction":[{"@type":"SearchAction","target":{"@type":"EntryPoint","urlTemplate":"https:\/\/www.safe4u.de\/?s={search_term_string}"},"query-input":{"@type":"PropertyValueSpecification","valueRequired":true,"valueName":"search_term_string"}}],"inLanguage":"de"}]}},"_links":{"self":[{"href":"https:\/\/www.safe4u.de\/index.php?rest_route=\/wp\/v2\/pages\/82","targetHints":{"allow":["GET"]}}],"collection":[{"href":"https:\/\/www.safe4u.de\/index.php?rest_route=\/wp\/v2\/pages"}],"about":[{"href":"https:\/\/www.safe4u.de\/index.php?rest_route=\/wp\/v2\/types\/page"}],"author":[{"embeddable":true,"href":"https:\/\/www.safe4u.de\/index.php?rest_route=\/wp\/v2\/users\/1"}],"replies":[{"embeddable":true,"href":"https:\/\/www.safe4u.de\/index.php?rest_route=%2Fwp%2Fv2%2Fcomments&post=82"}],"version-history":[{"count":86,"href":"https:\/\/www.safe4u.de\/index.php?rest_route=\/wp\/v2\/pages\/82\/revisions"}],"predecessor-version":[{"id":1290,"href":"https:\/\/www.safe4u.de\/index.php?rest_route=\/wp\/v2\/pages\/82\/revisions\/1290"}],"wp:attachment":[{"href":"https:\/\/www.safe4u.de\/index.php?rest_route=%2Fwp%2Fv2%2Fmedia&parent=82"}],"curies":[{"name":"wp","href":"https:\/\/api.w.org\/{rel}","templated":true}]}}