{"id":84,"date":"2020-07-21T15:10:27","date_gmt":"2020-07-21T15:10:27","guid":{"rendered":"https:\/\/safe4u.de\/?page_id=84"},"modified":"2023-06-14T07:11:24","modified_gmt":"2023-06-14T07:11:24","slug":"kontakt","status":"publish","type":"page","link":"https:\/\/www.safe4u.de\/?page_id=84","title":{"rendered":"Kontakt"},"content":{"rendered":"<div id=\"cs-content\" class=\"cs-content\"><\/div>\n","protected":false},"excerpt":{"rendered":"<p>Nehmen Sie Kontakt zu uns auf +49 (0)6124 72 79 80 info@safe4u.de Sie erreichen uns telefonisch w\u00e4hrend unserer B\u00fcrozeiten von Montags bis Donnerstags jeweils von 8:00 bis 12:30 Uhr und von 13:00 bis 17:00 Uhr und Freitags von 8:00 bis 13:00 Uhr. Bei technischen Fragen und Problemen erreichen Sie unseren Kundenservice unter +49 (0)6124 72 79 821 oder per E-Mail &#8230; <\/p>\n<div><a href=\"https:\/\/www.safe4u.de\/?page_id=84\" class=\"more-link\">Read More<\/a><\/div>\n","protected":false},"author":1,"featured_media":0,"parent":0,"menu_order":0,"comment_status":"closed","ping_status":"closed","template":"template-blank-4.php","meta":{"footnotes":""},"class_list":["post-84","page","type-page","status-publish","hentry","no-post-thumbnail"],"yoast_head":"<!-- This site is optimized with the Yoast SEO plugin v27.4 - https:\/\/yoast.com\/product\/yoast-seo-wordpress\/ -->\n<title>Kontakt \u2013 safe4u Alarmanlagen<\/title>\n<meta name=\"description\" content=\"Sie haben ein Anliegen oder technische Fragen zu unseren Produkten? Nehmen Sie ganz einfach Kontakt zu uns auf \u2713\" \/>\n<meta name=\"robots\" content=\"index, follow, max-snippet:-1, max-image-preview:large, max-video-preview:-1\" \/>\n<link rel=\"canonical\" href=\"https:\/\/www.safe4u.de\/?page_id=84\" \/>\n<meta property=\"og:locale\" content=\"de_DE\" \/>\n<meta property=\"og:type\" content=\"article\" \/>\n<meta property=\"og:title\" content=\"Kontakt \u2013 safe4u Alarmanlagen\" \/>\n<meta property=\"og:description\" content=\"Sie haben ein Anliegen oder technische Fragen zu unseren Produkten? Nehmen Sie ganz einfach Kontakt zu uns auf \u2713\" \/>\n<meta property=\"og:url\" content=\"https:\/\/www.safe4u.de\/?page_id=84\" \/>\n<meta property=\"og:site_name\" content=\"safe4u Alarmanlagen\" \/>\n<meta property=\"article:modified_time\" content=\"2023-06-14T07:11:24+00:00\" \/>\n<meta name=\"twitter:card\" content=\"summary_large_image\" \/>\n<meta name=\"twitter:label1\" content=\"Gesch\u00e4tzte Lesezeit\" \/>\n\t<meta name=\"twitter:data1\" content=\"1\u00a0Minute\" \/>\n<script type=\"application\/ld+json\" class=\"yoast-schema-graph\">{\"@context\":\"https:\\\/\\\/schema.org\",\"@graph\":[{\"@type\":\"WebPage\",\"@id\":\"https:\\\/\\\/www.safe4u.de\\\/?page_id=84\",\"url\":\"https:\\\/\\\/www.safe4u.de\\\/?page_id=84\",\"name\":\"Kontakt \u2013 safe4u Alarmanlagen\",\"isPartOf\":{\"@id\":\"https:\\\/\\\/www.safe4u.de\\\/#website\"},\"datePublished\":\"2020-07-21T15:10:27+00:00\",\"dateModified\":\"2023-06-14T07:11:24+00:00\",\"description\":\"Sie haben ein Anliegen oder technische Fragen zu unseren Produkten? Nehmen Sie ganz einfach Kontakt zu uns auf \u2713\",\"breadcrumb\":{\"@id\":\"https:\\\/\\\/www.safe4u.de\\\/?page_id=84#breadcrumb\"},\"inLanguage\":\"de\",\"potentialAction\":[{\"@type\":\"ReadAction\",\"target\":[\"https:\\\/\\\/www.safe4u.de\\\/?page_id=84\"]}]},{\"@type\":\"BreadcrumbList\",\"@id\":\"https:\\\/\\\/www.safe4u.de\\\/?page_id=84#breadcrumb\",\"itemListElement\":[{\"@type\":\"ListItem\",\"position\":1,\"name\":\"Home\",\"item\":\"https:\\\/\\\/www.safe4u.de\\\/\"},{\"@type\":\"ListItem\",\"position\":2,\"name\":\"Kontakt\"}]},{\"@type\":\"WebSite\",\"@id\":\"https:\\\/\\\/www.safe4u.de\\\/#website\",\"url\":\"https:\\\/\\\/www.safe4u.de\\\/\",\"name\":\"safe4u Alarmanlagen\",\"description\":\"Sch\u00fctzen Sie Ihr Zuhause kosteng\u00fcnstig, effektiv und zuverl\u00e4ssig mit einer Alarmanlage von safe4u\",\"potentialAction\":[{\"@type\":\"SearchAction\",\"target\":{\"@type\":\"EntryPoint\",\"urlTemplate\":\"https:\\\/\\\/www.safe4u.de\\\/?s={search_term_string}\"},\"query-input\":{\"@type\":\"PropertyValueSpecification\",\"valueRequired\":true,\"valueName\":\"search_term_string\"}}],\"inLanguage\":\"de\"}]}<\/script>\n<!-- \/ Yoast SEO plugin. -->","yoast_head_json":{"title":"Kontakt \u2013 safe4u Alarmanlagen","description":"Sie haben ein Anliegen oder technische Fragen zu unseren Produkten? Nehmen Sie ganz einfach Kontakt zu uns auf \u2713","robots":{"index":"index","follow":"follow","max-snippet":"max-snippet:-1","max-image-preview":"max-image-preview:large","max-video-preview":"max-video-preview:-1"},"canonical":"https:\/\/www.safe4u.de\/?page_id=84","og_locale":"de_DE","og_type":"article","og_title":"Kontakt \u2013 safe4u Alarmanlagen","og_description":"Sie haben ein Anliegen oder technische Fragen zu unseren Produkten? Nehmen Sie ganz einfach Kontakt zu uns auf \u2713","og_url":"https:\/\/www.safe4u.de\/?page_id=84","og_site_name":"safe4u Alarmanlagen","article_modified_time":"2023-06-14T07:11:24+00:00","twitter_card":"summary_large_image","twitter_misc":{"Gesch\u00e4tzte Lesezeit":"1\u00a0Minute"},"schema":{"@context":"https:\/\/schema.org","@graph":[{"@type":"WebPage","@id":"https:\/\/www.safe4u.de\/?page_id=84","url":"https:\/\/www.safe4u.de\/?page_id=84","name":"Kontakt \u2013 safe4u Alarmanlagen","isPartOf":{"@id":"https:\/\/www.safe4u.de\/#website"},"datePublished":"2020-07-21T15:10:27+00:00","dateModified":"2023-06-14T07:11:24+00:00","description":"Sie haben ein Anliegen oder technische Fragen zu unseren Produkten? Nehmen Sie ganz einfach Kontakt zu uns auf \u2713","breadcrumb":{"@id":"https:\/\/www.safe4u.de\/?page_id=84#breadcrumb"},"inLanguage":"de","potentialAction":[{"@type":"ReadAction","target":["https:\/\/www.safe4u.de\/?page_id=84"]}]},{"@type":"BreadcrumbList","@id":"https:\/\/www.safe4u.de\/?page_id=84#breadcrumb","itemListElement":[{"@type":"ListItem","position":1,"name":"Home","item":"https:\/\/www.safe4u.de\/"},{"@type":"ListItem","position":2,"name":"Kontakt"}]},{"@type":"WebSite","@id":"https:\/\/www.safe4u.de\/#website","url":"https:\/\/www.safe4u.de\/","name":"safe4u Alarmanlagen","description":"Sch\u00fctzen Sie Ihr Zuhause kosteng\u00fcnstig, effektiv und zuverl\u00e4ssig mit einer Alarmanlage von safe4u","potentialAction":[{"@type":"SearchAction","target":{"@type":"EntryPoint","urlTemplate":"https:\/\/www.safe4u.de\/?s={search_term_string}"},"query-input":{"@type":"PropertyValueSpecification","valueRequired":true,"valueName":"search_term_string"}}],"inLanguage":"de"}]}},"_links":{"self":[{"href":"https:\/\/www.safe4u.de\/index.php?rest_route=\/wp\/v2\/pages\/84","targetHints":{"allow":["GET"]}}],"collection":[{"href":"https:\/\/www.safe4u.de\/index.php?rest_route=\/wp\/v2\/pages"}],"about":[{"href":"https:\/\/www.safe4u.de\/index.php?rest_route=\/wp\/v2\/types\/page"}],"author":[{"embeddable":true,"href":"https:\/\/www.safe4u.de\/index.php?rest_route=\/wp\/v2\/users\/1"}],"replies":[{"embeddable":true,"href":"https:\/\/www.safe4u.de\/index.php?rest_route=%2Fwp%2Fv2%2Fcomments&post=84"}],"version-history":[{"count":24,"href":"https:\/\/www.safe4u.de\/index.php?rest_route=\/wp\/v2\/pages\/84\/revisions"}],"predecessor-version":[{"id":1269,"href":"https:\/\/www.safe4u.de\/index.php?rest_route=\/wp\/v2\/pages\/84\/revisions\/1269"}],"wp:attachment":[{"href":"https:\/\/www.safe4u.de\/index.php?rest_route=%2Fwp%2Fv2%2Fmedia&parent=84"}],"curies":[{"name":"wp","href":"https:\/\/api.w.org\/{rel}","templated":true}]}}