{"id":894,"date":"2021-05-27T12:24:11","date_gmt":"2021-05-27T12:24:11","guid":{"rendered":"https:\/\/safe4u.de\/?page_id=894"},"modified":"2021-06-07T13:23:54","modified_gmt":"2021-06-07T13:23:54","slug":"warum-einbruchschutz","status":"publish","type":"page","link":"https:\/\/www.safe4u.de\/?page_id=894","title":{"rendered":"Warum Einbruchschutz"},"content":{"rendered":"<div id=\"cs-content\" class=\"cs-content\"><\/div>\n","protected":false},"excerpt":{"rendered":"<p>Warum Einbruchschutz? Psychologische Folgen eines Einbruchs Der fiese Mitbewohner \u201eAngst\u201c Mit dem Thema &bdquo;Einbruchschutz&ldquo; haben sich wohl die meisten von uns schon einmal besch&auml;ftigt. Manch einer verwandelt sein Haus in ein Fort Knox, andere f&uuml;hlen sich auch ohne Sicherung-Technik ausreichend gesch&uuml;tzt im obersten Stockwerk des Mehrfamilienhauses. Seit die Polizeiliche Kriminalstatistik (PKS) Jahr f&uuml;r Jahr sinkende Einbruchzahlen bescheinigt, betrachten immer mehr &#8230; <\/p>\n<div><a href=\"https:\/\/www.safe4u.de\/?page_id=894\" class=\"more-link\">Read More<\/a><\/div>\n","protected":false},"author":2,"featured_media":0,"parent":0,"menu_order":0,"comment_status":"closed","ping_status":"closed","template":"template-blank-4.php","meta":{"footnotes":""},"class_list":["post-894","page","type-page","status-publish","hentry","no-post-thumbnail"],"yoast_head":"<!-- This site is optimized with the Yoast SEO plugin v27.4 - https:\/\/yoast.com\/product\/yoast-seo-wordpress\/ -->\n<title>8 Gr\u00fcnde f\u00fcr Einbruchschutz \u2013 safe4u Alarmanlagen<\/title>\n<meta name=\"description\" content=\"Erfahren Sie mehr \u00fcber effektiven Einbruchschutz und warum dieser so wichtig ist! Rundum-Sicher mit Alarmanlagen von safe4u.\" \/>\n<meta name=\"robots\" content=\"index, follow, max-snippet:-1, max-image-preview:large, max-video-preview:-1\" \/>\n<link rel=\"canonical\" href=\"https:\/\/www.safe4u.de\/?page_id=894\" \/>\n<meta property=\"og:locale\" content=\"de_DE\" \/>\n<meta property=\"og:type\" content=\"article\" \/>\n<meta property=\"og:title\" content=\"8 Gr\u00fcnde f\u00fcr Einbruchschutz \u2013 safe4u Alarmanlagen\" \/>\n<meta property=\"og:description\" content=\"Erfahren Sie mehr \u00fcber effektiven Einbruchschutz und warum dieser so wichtig ist! Rundum-Sicher mit Alarmanlagen von safe4u.\" \/>\n<meta property=\"og:url\" content=\"https:\/\/www.safe4u.de\/?page_id=894\" \/>\n<meta property=\"og:site_name\" content=\"safe4u Alarmanlagen\" \/>\n<meta property=\"article:modified_time\" content=\"2021-06-07T13:23:54+00:00\" \/>\n<meta property=\"og:image\" content=\"https:\/\/www.safe4u.de\/wp-content\/uploads\/2021\/05\/criminal-breaking-into-apartment-or-office-to-stea-NNSWLWL.jpg\" \/>\n<meta name=\"twitter:card\" content=\"summary_large_image\" \/>\n<meta name=\"twitter:label1\" content=\"Gesch\u00e4tzte Lesezeit\" \/>\n\t<meta name=\"twitter:data1\" content=\"4\u00a0Minuten\" \/>\n<script type=\"application\/ld+json\" class=\"yoast-schema-graph\">{\"@context\":\"https:\\\/\\\/schema.org\",\"@graph\":[{\"@type\":\"WebPage\",\"@id\":\"https:\\\/\\\/www.safe4u.de\\\/?page_id=894\",\"url\":\"https:\\\/\\\/www.safe4u.de\\\/?page_id=894\",\"name\":\"8 Gr\u00fcnde f\u00fcr Einbruchschutz \u2013 safe4u Alarmanlagen\",\"isPartOf\":{\"@id\":\"https:\\\/\\\/www.safe4u.de\\\/#website\"},\"primaryImageOfPage\":{\"@id\":\"https:\\\/\\\/www.safe4u.de\\\/?page_id=894#primaryimage\"},\"image\":{\"@id\":\"https:\\\/\\\/www.safe4u.de\\\/?page_id=894#primaryimage\"},\"thumbnailUrl\":\"https:\\\/\\\/www.safe4u.de\\\/wp-content\\\/uploads\\\/2021\\\/05\\\/criminal-breaking-into-apartment-or-office-to-stea-NNSWLWL.jpg\",\"datePublished\":\"2021-05-27T12:24:11+00:00\",\"dateModified\":\"2021-06-07T13:23:54+00:00\",\"description\":\"Erfahren Sie mehr \u00fcber effektiven Einbruchschutz und warum dieser so wichtig ist! Rundum-Sicher mit Alarmanlagen von safe4u.\",\"breadcrumb\":{\"@id\":\"https:\\\/\\\/www.safe4u.de\\\/?page_id=894#breadcrumb\"},\"inLanguage\":\"de\",\"potentialAction\":[{\"@type\":\"ReadAction\",\"target\":[\"https:\\\/\\\/www.safe4u.de\\\/?page_id=894\"]}]},{\"@type\":\"ImageObject\",\"inLanguage\":\"de\",\"@id\":\"https:\\\/\\\/www.safe4u.de\\\/?page_id=894#primaryimage\",\"url\":\"https:\\\/\\\/www.safe4u.de\\\/wp-content\\\/uploads\\\/2021\\\/05\\\/criminal-breaking-into-apartment-or-office-to-stea-NNSWLWL.jpg\",\"contentUrl\":\"https:\\\/\\\/www.safe4u.de\\\/wp-content\\\/uploads\\\/2021\\\/05\\\/criminal-breaking-into-apartment-or-office-to-stea-NNSWLWL.jpg\",\"width\":1920,\"height\":1280},{\"@type\":\"BreadcrumbList\",\"@id\":\"https:\\\/\\\/www.safe4u.de\\\/?page_id=894#breadcrumb\",\"itemListElement\":[{\"@type\":\"ListItem\",\"position\":1,\"name\":\"Home\",\"item\":\"https:\\\/\\\/www.safe4u.de\\\/\"},{\"@type\":\"ListItem\",\"position\":2,\"name\":\"Warum Einbruchschutz\"}]},{\"@type\":\"WebSite\",\"@id\":\"https:\\\/\\\/www.safe4u.de\\\/#website\",\"url\":\"https:\\\/\\\/www.safe4u.de\\\/\",\"name\":\"safe4u Alarmanlagen\",\"description\":\"Sch\u00fctzen Sie Ihr Zuhause kosteng\u00fcnstig, effektiv und zuverl\u00e4ssig mit einer Alarmanlage von safe4u\",\"potentialAction\":[{\"@type\":\"SearchAction\",\"target\":{\"@type\":\"EntryPoint\",\"urlTemplate\":\"https:\\\/\\\/www.safe4u.de\\\/?s={search_term_string}\"},\"query-input\":{\"@type\":\"PropertyValueSpecification\",\"valueRequired\":true,\"valueName\":\"search_term_string\"}}],\"inLanguage\":\"de\"}]}<\/script>\n<!-- \/ Yoast SEO plugin. -->","yoast_head_json":{"title":"8 Gr\u00fcnde f\u00fcr Einbruchschutz \u2013 safe4u Alarmanlagen","description":"Erfahren Sie mehr \u00fcber effektiven Einbruchschutz und warum dieser so wichtig ist! Rundum-Sicher mit Alarmanlagen von safe4u.","robots":{"index":"index","follow":"follow","max-snippet":"max-snippet:-1","max-image-preview":"max-image-preview:large","max-video-preview":"max-video-preview:-1"},"canonical":"https:\/\/www.safe4u.de\/?page_id=894","og_locale":"de_DE","og_type":"article","og_title":"8 Gr\u00fcnde f\u00fcr Einbruchschutz \u2013 safe4u Alarmanlagen","og_description":"Erfahren Sie mehr \u00fcber effektiven Einbruchschutz und warum dieser so wichtig ist! Rundum-Sicher mit Alarmanlagen von safe4u.","og_url":"https:\/\/www.safe4u.de\/?page_id=894","og_site_name":"safe4u Alarmanlagen","article_modified_time":"2021-06-07T13:23:54+00:00","og_image":[{"url":"https:\/\/www.safe4u.de\/wp-content\/uploads\/2021\/05\/criminal-breaking-into-apartment-or-office-to-stea-NNSWLWL.jpg","type":"","width":"","height":""}],"twitter_card":"summary_large_image","twitter_misc":{"Gesch\u00e4tzte Lesezeit":"4\u00a0Minuten"},"schema":{"@context":"https:\/\/schema.org","@graph":[{"@type":"WebPage","@id":"https:\/\/www.safe4u.de\/?page_id=894","url":"https:\/\/www.safe4u.de\/?page_id=894","name":"8 Gr\u00fcnde f\u00fcr Einbruchschutz \u2013 safe4u Alarmanlagen","isPartOf":{"@id":"https:\/\/www.safe4u.de\/#website"},"primaryImageOfPage":{"@id":"https:\/\/www.safe4u.de\/?page_id=894#primaryimage"},"image":{"@id":"https:\/\/www.safe4u.de\/?page_id=894#primaryimage"},"thumbnailUrl":"https:\/\/www.safe4u.de\/wp-content\/uploads\/2021\/05\/criminal-breaking-into-apartment-or-office-to-stea-NNSWLWL.jpg","datePublished":"2021-05-27T12:24:11+00:00","dateModified":"2021-06-07T13:23:54+00:00","description":"Erfahren Sie mehr \u00fcber effektiven Einbruchschutz und warum dieser so wichtig ist! Rundum-Sicher mit Alarmanlagen von safe4u.","breadcrumb":{"@id":"https:\/\/www.safe4u.de\/?page_id=894#breadcrumb"},"inLanguage":"de","potentialAction":[{"@type":"ReadAction","target":["https:\/\/www.safe4u.de\/?page_id=894"]}]},{"@type":"ImageObject","inLanguage":"de","@id":"https:\/\/www.safe4u.de\/?page_id=894#primaryimage","url":"https:\/\/www.safe4u.de\/wp-content\/uploads\/2021\/05\/criminal-breaking-into-apartment-or-office-to-stea-NNSWLWL.jpg","contentUrl":"https:\/\/www.safe4u.de\/wp-content\/uploads\/2021\/05\/criminal-breaking-into-apartment-or-office-to-stea-NNSWLWL.jpg","width":1920,"height":1280},{"@type":"BreadcrumbList","@id":"https:\/\/www.safe4u.de\/?page_id=894#breadcrumb","itemListElement":[{"@type":"ListItem","position":1,"name":"Home","item":"https:\/\/www.safe4u.de\/"},{"@type":"ListItem","position":2,"name":"Warum Einbruchschutz"}]},{"@type":"WebSite","@id":"https:\/\/www.safe4u.de\/#website","url":"https:\/\/www.safe4u.de\/","name":"safe4u Alarmanlagen","description":"Sch\u00fctzen Sie Ihr Zuhause kosteng\u00fcnstig, effektiv und zuverl\u00e4ssig mit einer Alarmanlage von safe4u","potentialAction":[{"@type":"SearchAction","target":{"@type":"EntryPoint","urlTemplate":"https:\/\/www.safe4u.de\/?s={search_term_string}"},"query-input":{"@type":"PropertyValueSpecification","valueRequired":true,"valueName":"search_term_string"}}],"inLanguage":"de"}]}},"_links":{"self":[{"href":"https:\/\/www.safe4u.de\/index.php?rest_route=\/wp\/v2\/pages\/894","targetHints":{"allow":["GET"]}}],"collection":[{"href":"https:\/\/www.safe4u.de\/index.php?rest_route=\/wp\/v2\/pages"}],"about":[{"href":"https:\/\/www.safe4u.de\/index.php?rest_route=\/wp\/v2\/types\/page"}],"author":[{"embeddable":true,"href":"https:\/\/www.safe4u.de\/index.php?rest_route=\/wp\/v2\/users\/2"}],"replies":[{"embeddable":true,"href":"https:\/\/www.safe4u.de\/index.php?rest_route=%2Fwp%2Fv2%2Fcomments&post=894"}],"version-history":[{"count":13,"href":"https:\/\/www.safe4u.de\/index.php?rest_route=\/wp\/v2\/pages\/894\/revisions"}],"predecessor-version":[{"id":916,"href":"https:\/\/www.safe4u.de\/index.php?rest_route=\/wp\/v2\/pages\/894\/revisions\/916"}],"wp:attachment":[{"href":"https:\/\/www.safe4u.de\/index.php?rest_route=%2Fwp%2Fv2%2Fmedia&parent=894"}],"curies":[{"name":"wp","href":"https:\/\/api.w.org\/{rel}","templated":true}]}}